{"id":7261,"date":"2024-07-28T16:42:04","date_gmt":"2024-07-28T16:42:04","guid":{"rendered":"https:\/\/soundearthlegacy.org\/sel-week-entrades\/"},"modified":"2024-09-07T14:10:36","modified_gmt":"2024-09-07T14:10:36","slug":"sel-week-entrades","status":"publish","type":"page","link":"https:\/\/soundearthlegacy.org\/ca\/sel-week-entrades\/","title":{"rendered":"SEL Week entrades"},"content":{"rendered":"\t\t<div data-elementor-type=\"wp-page\" data-elementor-id=\"7261\" class=\"elementor elementor-7261 elementor-7225\" data-elementor-post-type=\"page\">\n\t\t\t\t\t\t<section class=\"elementor-section elementor-top-section elementor-element elementor-element-bf067fd elementor-section-full_width elementor-section-height-default elementor-section-height-default\" data-id=\"bf067fd\" data-element_type=\"section\" data-settings=\"{&quot;background_background&quot;:&quot;classic&quot;}\">\n\t\t\t\t\t\t<div class=\"elementor-container elementor-column-gap-no\">\n\t\t\t\t\t<div class=\"elementor-column elementor-col-100 elementor-top-column elementor-element elementor-element-5f3215c\" data-id=\"5f3215c\" data-element_type=\"column\">\n\t\t\t<div class=\"elementor-widget-wrap elementor-element-populated\">\n\t\t\t\t\t\t<section class=\"elementor-section elementor-inner-section elementor-element elementor-element-a2d1a09 elementor-section-boxed elementor-section-height-default elementor-section-height-default\" data-id=\"a2d1a09\" data-element_type=\"section\">\n\t\t\t\t\t\t<div class=\"elementor-container elementor-column-gap-default\">\n\t\t\t\t\t<div class=\"elementor-column elementor-col-100 elementor-inner-column elementor-element elementor-element-584bda9\" data-id=\"584bda9\" data-element_type=\"column\">\n\t\t\t<div class=\"elementor-widget-wrap elementor-element-populated\">\n\t\t\t\t\t\t<div class=\"elementor-element elementor-element-0dde2a9 elementor-widget elementor-widget-heading\" data-id=\"0dde2a9\" data-element_type=\"widget\" data-widget_type=\"heading.default\">\n\t\t\t\t<div class=\"elementor-widget-container\">\n\t\t\t<h3 class=\"elementor-heading-title elementor-size-default\">ENTRADES<\/h3>\t\t<\/div>\n\t\t\t\t<\/div>\n\t\t\t\t\t<\/div>\n\t\t<\/div>\n\t\t\t\t\t<\/div>\n\t\t<\/section>\n\t\t\t\t\t<\/div>\n\t\t<\/div>\n\t\t\t\t\t<\/div>\n\t\t<\/section>\n\t\t\t\t<section class=\"elementor-section elementor-top-section elementor-element elementor-element-d8b4af4 elementor-section-boxed elementor-section-height-default elementor-section-height-default\" data-id=\"d8b4af4\" data-element_type=\"section\" data-settings=\"{&quot;background_background&quot;:&quot;classic&quot;}\">\n\t\t\t\t\t\t<div class=\"elementor-container elementor-column-gap-no\">\n\t\t\t\t\t<div class=\"elementor-column elementor-col-100 elementor-top-column elementor-element elementor-element-58ffc4c\" data-id=\"58ffc4c\" data-element_type=\"column\">\n\t\t\t<div class=\"elementor-widget-wrap elementor-element-populated\">\n\t\t\t\t\t\t<section class=\"elementor-section elementor-inner-section elementor-element elementor-element-5e2f638 elementor-section-boxed elementor-section-height-default elementor-section-height-default\" data-id=\"5e2f638\" data-element_type=\"section\">\n\t\t\t\t\t\t<div class=\"elementor-container elementor-column-gap-default\">\n\t\t\t\t\t<div class=\"elementor-column elementor-col-66 elementor-inner-column elementor-element elementor-element-c226139\" data-id=\"c226139\" data-element_type=\"column\">\n\t\t\t<div class=\"elementor-widget-wrap elementor-element-populated\">\n\t\t\t\t\t\t<div class=\"elementor-element elementor-element-3a108f4 elementor-widget elementor-widget-text-editor\" data-id=\"3a108f4\" data-element_type=\"widget\" data-widget_type=\"text-editor.default\">\n\t\t\t\t<div class=\"elementor-widget-container\">\n\t\t\t\t\t\t\t<p><b>ENTRADA SELWEEK DIVENDRES 18 D&#8217;OCTUBRE<\/b><strong>: 23\u20ac<br \/><\/strong><br \/><span style=\"font-size: 15px; vertical-align: top;\">+ DESPESES DE GESTI\u00d3<\/span><\/p>\n<p><span style=\"font-size: 20px; vertical-align: top;\">ACC\u00c9S A CASA MONTJU\u00cfC.<br \/><\/span><\/p>\n\t\t\t\t\t\t<\/div>\n\t\t\t\t<\/div>\n\t\t\t\t\t<\/div>\n\t\t<\/div>\n\t\t\t\t<div class=\"elementor-column elementor-col-33 elementor-inner-column elementor-element elementor-element-b0d8309\" data-id=\"b0d8309\" data-element_type=\"column\">\n\t\t\t<div class=\"elementor-widget-wrap elementor-element-populated\">\n\t\t\t\t\t\t<div class=\"elementor-element elementor-element-e568b8d elementor-align-justify elementor-widget elementor-widget-button\" data-id=\"e568b8d\" data-element_type=\"widget\" data-widget_type=\"button.default\">\n\t\t\t\t<div class=\"elementor-widget-container\">\n\t\t\t\t\t<div class=\"elementor-button-wrapper\">\n\t\t\t<a class=\"elementor-button elementor-button-link elementor-size-sm\" href=\"https:\/\/link.dice.fm\/E5bc7f87bdac\">\n\t\t\t\t\t\t<span class=\"elementor-button-content-wrapper\">\n\t\t\t\t\t\t\t\t\t<span class=\"elementor-button-text\">COMPRAR ENTRADES<\/span>\n\t\t\t\t\t<\/span>\n\t\t\t\t\t<\/a>\n\t\t<\/div>\n\t\t\t\t<\/div>\n\t\t\t\t<\/div>\n\t\t\t\t\t<\/div>\n\t\t<\/div>\n\t\t\t\t\t<\/div>\n\t\t<\/section>\n\t\t\t\t\t<\/div>\n\t\t<\/div>\n\t\t\t\t\t<\/div>\n\t\t<\/section>\n\t\t\t\t<section class=\"elementor-section elementor-top-section elementor-element elementor-element-5468977 elementor-section-full_width elementor-section-height-default elementor-section-height-default\" data-id=\"5468977\" data-element_type=\"section\" data-settings=\"{&quot;background_background&quot;:&quot;classic&quot;}\">\n\t\t\t\t\t\t<div class=\"elementor-container elementor-column-gap-no\">\n\t\t\t\t\t<div class=\"elementor-column elementor-col-100 elementor-top-column elementor-element elementor-element-2b2dbbf sliding-text\" data-id=\"2b2dbbf\" data-element_type=\"column\">\n\t\t\t<div class=\"elementor-widget-wrap elementor-element-populated\">\n\t\t\t\t\t\t<div class=\"elementor-element elementor-element-804ad3f elementor-widget elementor-widget-heading\" data-id=\"804ad3f\" data-element_type=\"widget\" data-widget_type=\"heading.default\">\n\t\t\t\t<div class=\"elementor-widget-container\">\n\t\t\t<h2 class=\"elementor-heading-title elementor-size-default\"><a href=\"https:\/\/link.dice.fm\/E5bc7f87bdac\">ENTRADES &gt;&gt;&gt; COMPRAR &gt;&gt;&gt;&gt;&gt;&gt; ENTRADES &gt;&gt;&gt; COMPRAR &gt;&gt;&gt;&gt;&gt;&gt;<br><\/a><\/h2>\t\t<\/div>\n\t\t\t\t<\/div>\n\t\t\t\t\t<\/div>\n\t\t<\/div>\n\t\t\t\t\t<\/div>\n\t\t<\/section>\n\t\t\t\t<section class=\"elementor-section elementor-top-section elementor-element elementor-element-5a510cd elementor-section-full_width elementor-section-height-default elementor-section-height-default\" data-id=\"5a510cd\" data-element_type=\"section\" data-settings=\"{&quot;background_background&quot;:&quot;classic&quot;}\">\n\t\t\t\t\t\t<div class=\"elementor-container elementor-column-gap-no\">\n\t\t\t\t\t<div class=\"elementor-column elementor-col-100 elementor-top-column elementor-element elementor-element-cd8c62f\" data-id=\"cd8c62f\" data-element_type=\"column\">\n\t\t\t<div class=\"elementor-widget-wrap elementor-element-populated\">\n\t\t\t\t\t\t<div class=\"elementor-element elementor-element-9c66a41 elementor-widget elementor-widget-shortcode\" data-id=\"9c66a41\" data-element_type=\"widget\" data-widget_type=\"shortcode.default\">\n\t\t\t\t<div class=\"elementor-widget-container\">\n\t\t\t\t\t<div class=\"elementor-shortcode\">\t\t<div data-elementor-type=\"section\" data-elementor-id=\"7077\" class=\"elementor elementor-7077 elementor-6882\" data-elementor-post-type=\"elementor_library\">\n\t\t\t\t\t<section class=\"elementor-section elementor-top-section elementor-element elementor-element-44251b76 elementor-section-full_width elementor-section-content-middle elementor-section-height-default elementor-section-height-default\" data-id=\"44251b76\" data-element_type=\"section\" data-settings=\"{&quot;background_background&quot;:&quot;classic&quot;}\">\n\t\t\t\t\t\t<div class=\"elementor-container elementor-column-gap-no\">\n\t\t\t\t\t<div class=\"elementor-column elementor-col-100 elementor-top-column elementor-element elementor-element-69f4ae90\" data-id=\"69f4ae90\" data-element_type=\"column\">\n\t\t\t<div class=\"elementor-widget-wrap elementor-element-populated\">\n\t\t\t\t\t\t<div class=\"elementor-element elementor-element-b03ffdb elementor-widget elementor-widget-spacer\" data-id=\"b03ffdb\" data-element_type=\"widget\" data-widget_type=\"spacer.default\">\n\t\t\t\t<div class=\"elementor-widget-container\">\n\t\t\t\t\t<div class=\"elementor-spacer\">\n\t\t\t<div class=\"elementor-spacer-inner\"><\/div>\n\t\t<\/div>\n\t\t\t\t<\/div>\n\t\t\t\t<\/div>\n\t\t\t\t<div class=\"elementor-element elementor-element-36cd6e8f elementor-widget elementor-widget-heading\" data-id=\"36cd6e8f\" data-element_type=\"widget\" data-widget_type=\"heading.default\">\n\t\t\t\t<div class=\"elementor-widget-container\">\n\t\t\t<h4 class=\"elementor-heading-title elementor-size-default\">ORGANITZA<\/h4>\t\t<\/div>\n\t\t\t\t<\/div>\n\t\t\t\t<section class=\"elementor-section elementor-inner-section elementor-element elementor-element-6aa4cff3 elementor-section-content-middle elementor-section-boxed elementor-section-height-default elementor-section-height-default\" data-id=\"6aa4cff3\" data-element_type=\"section\">\n\t\t\t\t\t\t<div class=\"elementor-container elementor-column-gap-default\">\n\t\t\t\t\t<div class=\"elementor-column elementor-col-20 elementor-inner-column elementor-element elementor-element-3772c502\" data-id=\"3772c502\" data-element_type=\"column\">\n\t\t\t<div class=\"elementor-widget-wrap\">\n\t\t\t\t\t\t\t<\/div>\n\t\t<\/div>\n\t\t\t\t<div class=\"elementor-column elementor-col-20 elementor-inner-column elementor-element elementor-element-696a192\" data-id=\"696a192\" data-element_type=\"column\">\n\t\t\t<div class=\"elementor-widget-wrap\">\n\t\t\t\t\t\t\t<\/div>\n\t\t<\/div>\n\t\t\t\t<div class=\"elementor-column elementor-col-20 elementor-inner-column elementor-element elementor-element-7582b5bc\" data-id=\"7582b5bc\" data-element_type=\"column\">\n\t\t\t<div class=\"elementor-widget-wrap elementor-element-populated\">\n\t\t\t\t\t\t<div class=\"elementor-element elementor-element-2e633e8c elementor-widget elementor-widget-image\" data-id=\"2e633e8c\" data-element_type=\"widget\" data-widget_type=\"image.default\">\n\t\t\t\t<div class=\"elementor-widget-container\">\n\t\t\t\t\t\t\t\t\t\t\t\t\t<img decoding=\"async\" width=\"194\" height=\"204\" src=\"https:\/\/soundearthlegacy.org\/wp-content\/uploads\/2024\/07\/Recurso-7.svg\" class=\"attachment-full size-full wp-image-7604\" alt=\"Sound Earth Legacy\" \/>\t\t\t\t\t\t\t\t\t\t\t\t\t<\/div>\n\t\t\t\t<\/div>\n\t\t\t\t\t<\/div>\n\t\t<\/div>\n\t\t\t\t<div class=\"elementor-column elementor-col-20 elementor-inner-column elementor-element elementor-element-3d6d9cef\" data-id=\"3d6d9cef\" data-element_type=\"column\">\n\t\t\t<div class=\"elementor-widget-wrap\">\n\t\t\t\t\t\t\t<\/div>\n\t\t<\/div>\n\t\t\t\t<div class=\"elementor-column elementor-col-20 elementor-inner-column elementor-element elementor-element-5e39ead0\" data-id=\"5e39ead0\" data-element_type=\"column\">\n\t\t\t<div class=\"elementor-widget-wrap\">\n\t\t\t\t\t\t\t<\/div>\n\t\t<\/div>\n\t\t\t\t\t<\/div>\n\t\t<\/section>\n\t\t\t\t<div class=\"elementor-element elementor-element-72295f79 elementor-widget elementor-widget-heading\" data-id=\"72295f79\" data-element_type=\"widget\" data-widget_type=\"heading.default\">\n\t\t\t\t<div class=\"elementor-widget-container\">\n\t\t\t<h4 class=\"elementor-heading-title elementor-size-default\">COL\u00b7LABORADORS<\/h4>\t\t<\/div>\n\t\t\t\t<\/div>\n\t\t\t\t<section class=\"elementor-section elementor-inner-section elementor-element elementor-element-69b2aa75 elementor-section-content-middle elementor-section-boxed elementor-section-height-default elementor-section-height-default\" data-id=\"69b2aa75\" data-element_type=\"section\">\n\t\t\t\t\t\t<div class=\"elementor-container elementor-column-gap-default\">\n\t\t\t\t\t<div class=\"elementor-column elementor-col-16 elementor-inner-column elementor-element elementor-element-1bae0ea3\" data-id=\"1bae0ea3\" data-element_type=\"column\">\n\t\t\t<div class=\"elementor-widget-wrap elementor-element-populated\">\n\t\t\t\t\t\t<div class=\"elementor-element elementor-element-5b930646 elementor-widget elementor-widget-image\" data-id=\"5b930646\" data-element_type=\"widget\" data-widget_type=\"image.default\">\n\t\t\t\t<div class=\"elementor-widget-container\">\n\t\t\t\t\t\t\t\t\t\t\t\t\t<img decoding=\"async\" width=\"295\" height=\"100\" src=\"https:\/\/soundearthlegacy.org\/wp-content\/uploads\/2024\/07\/Recurso-1.svg\" class=\"attachment-large size-large wp-image-7623\" alt=\"Casa Montju\u00efc\" \/>\t\t\t\t\t\t\t\t\t\t\t\t\t<\/div>\n\t\t\t\t<\/div>\n\t\t\t\t\t<\/div>\n\t\t<\/div>\n\t\t\t\t<div class=\"elementor-column elementor-col-16 elementor-inner-column elementor-element elementor-element-2726704\" data-id=\"2726704\" data-element_type=\"column\">\n\t\t\t<div class=\"elementor-widget-wrap elementor-element-populated\">\n\t\t\t\t\t\t<div class=\"elementor-element elementor-element-2f94d5cd elementor-widget elementor-widget-image\" data-id=\"2f94d5cd\" data-element_type=\"widget\" data-widget_type=\"image.default\">\n\t\t\t\t<div class=\"elementor-widget-container\">\n\t\t\t\t\t\t\t\t\t\t\t\t\t<img decoding=\"async\" width=\"169\" height=\"130\" src=\"https:\/\/soundearthlegacy.org\/wp-content\/uploads\/2024\/07\/Recurso-2.svg\" class=\"attachment-large size-large wp-image-7620\" alt=\"Fabra i Coats\" \/>\t\t\t\t\t\t\t\t\t\t\t\t\t<\/div>\n\t\t\t\t<\/div>\n\t\t\t\t\t<\/div>\n\t\t<\/div>\n\t\t\t\t<div class=\"elementor-column elementor-col-16 elementor-inner-column elementor-element elementor-element-1157a806\" data-id=\"1157a806\" data-element_type=\"column\">\n\t\t\t<div class=\"elementor-widget-wrap elementor-element-populated\">\n\t\t\t\t\t\t<div class=\"elementor-element elementor-element-5b61f7c4 elementor-widget elementor-widget-image\" data-id=\"5b61f7c4\" data-element_type=\"widget\" data-widget_type=\"image.default\">\n\t\t\t\t<div class=\"elementor-widget-container\">\n\t\t\t\t\t\t\t\t\t\t\t\t\t<img loading=\"lazy\" decoding=\"async\" width=\"251\" height=\"49\" src=\"https:\/\/soundearthlegacy.org\/wp-content\/uploads\/2024\/07\/Recurso-3.svg\" class=\"attachment-large size-large wp-image-7617\" alt=\"Bureau du Qu\u00e9bec\" \/>\t\t\t\t\t\t\t\t\t\t\t\t\t<\/div>\n\t\t\t\t<\/div>\n\t\t\t\t\t<\/div>\n\t\t<\/div>\n\t\t\t\t<div class=\"elementor-column elementor-col-16 elementor-inner-column elementor-element elementor-element-79f96504\" data-id=\"79f96504\" data-element_type=\"column\">\n\t\t\t<div class=\"elementor-widget-wrap elementor-element-populated\">\n\t\t\t\t\t\t<div class=\"elementor-element elementor-element-3a2d80f8 elementor-widget elementor-widget-image\" data-id=\"3a2d80f8\" data-element_type=\"widget\" data-widget_type=\"image.default\">\n\t\t\t\t<div class=\"elementor-widget-container\">\n\t\t\t\t\t\t\t\t\t\t\t\t\t<img loading=\"lazy\" decoding=\"async\" width=\"154\" height=\"115\" src=\"https:\/\/soundearthlegacy.org\/wp-content\/uploads\/2024\/07\/Recurso-4.svg\" class=\"attachment-large size-large wp-image-7614\" alt=\"Fnac\" \/>\t\t\t\t\t\t\t\t\t\t\t\t\t<\/div>\n\t\t\t\t<\/div>\n\t\t\t\t\t<\/div>\n\t\t<\/div>\n\t\t\t\t<div class=\"elementor-column elementor-col-16 elementor-inner-column elementor-element elementor-element-10bd47d\" data-id=\"10bd47d\" data-element_type=\"column\">\n\t\t\t<div class=\"elementor-widget-wrap elementor-element-populated\">\n\t\t\t\t\t\t<div class=\"elementor-element elementor-element-4748611 elementor-widget elementor-widget-image\" data-id=\"4748611\" data-element_type=\"widget\" data-widget_type=\"image.default\">\n\t\t\t\t<div class=\"elementor-widget-container\">\n\t\t\t\t\t\t\t\t\t\t\t\t\t<img loading=\"lazy\" decoding=\"async\" width=\"398\" height=\"168\" src=\"https:\/\/soundearthlegacy.org\/wp-content\/uploads\/2024\/07\/Recurso-10@2x.webp\" class=\"attachment-large size-large wp-image-7629\" alt=\"BeeLetter\" srcset=\"https:\/\/soundearthlegacy.org\/wp-content\/uploads\/2024\/07\/Recurso-10@2x.webp 398w, https:\/\/soundearthlegacy.org\/wp-content\/uploads\/2024\/07\/Recurso-10@2x-300x127.webp 300w\" sizes=\"(max-width: 398px) 100vw, 398px\" \/>\t\t\t\t\t\t\t\t\t\t\t\t\t<\/div>\n\t\t\t\t<\/div>\n\t\t\t\t\t<\/div>\n\t\t<\/div>\n\t\t\t\t<div class=\"elementor-column elementor-col-16 elementor-inner-column elementor-element elementor-element-7091b60\" data-id=\"7091b60\" data-element_type=\"column\">\n\t\t\t<div class=\"elementor-widget-wrap elementor-element-populated\">\n\t\t\t\t\t\t<div class=\"elementor-element elementor-element-ef0956b elementor-widget elementor-widget-image\" data-id=\"ef0956b\" data-element_type=\"widget\" data-widget_type=\"image.default\">\n\t\t\t\t<div class=\"elementor-widget-container\">\n\t\t\t\t\t\t\t\t\t\t\t\t\t<img loading=\"lazy\" decoding=\"async\" width=\"800\" height=\"300\" src=\"https:\/\/soundearthlegacy.org\/wp-content\/uploads\/2024\/07\/AJBCN_Sign.png\" class=\"attachment-large size-large wp-image-8054\" alt=\"AJBCN_Sign\" srcset=\"https:\/\/soundearthlegacy.org\/wp-content\/uploads\/2024\/07\/AJBCN_Sign.png 945w, https:\/\/soundearthlegacy.org\/wp-content\/uploads\/2024\/07\/AJBCN_Sign-300x112.png 300w, https:\/\/soundearthlegacy.org\/wp-content\/uploads\/2024\/07\/AJBCN_Sign-768x288.png 768w, https:\/\/soundearthlegacy.org\/wp-content\/uploads\/2024\/07\/AJBCN_Sign-600x225.png 600w\" sizes=\"(max-width: 800px) 100vw, 800px\" \/>\t\t\t\t\t\t\t\t\t\t\t\t\t<\/div>\n\t\t\t\t<\/div>\n\t\t\t\t\t<\/div>\n\t\t<\/div>\n\t\t\t\t\t<\/div>\n\t\t<\/section>\n\t\t\t\t\t<\/div>\n\t\t<\/div>\n\t\t\t\t\t<\/div>\n\t\t<\/section>\n\t\t\t\t<\/div>\n\t\t<\/div>\n\t\t\t\t<\/div>\n\t\t\t\t<\/div>\n\t\t\t\t\t<\/div>\n\t\t<\/div>\n\t\t\t\t\t<\/div>\n\t\t<\/section>\n\t\t\t\t<\/div>\n\t\t","protected":false},"excerpt":{"rendered":"<p>ENTRADES ENTRADA SELWEEK DIVENDRES 18 D&#8217;OCTUBRE: 23\u20ac+ DESPESES DE GESTI\u00d3 ACC\u00c9S A CASA MONTJU\u00cfC. COMPRAR ENTRADES ENTRADES &gt;&gt;&gt; COMPRAR &gt;&gt;&gt;&gt;&gt;&gt; ENTRADES &gt;&gt;&gt; COMPRAR &gt;&gt;&gt;&gt;&gt;&gt;<\/p>\n","protected":false},"author":2,"featured_media":0,"parent":0,"menu_order":0,"comment_status":"closed","ping_status":"closed","template":"","meta":{"inline_featured_image":false,"footnotes":""},"class_list":["post-7261","page","type-page","status-publish","hentry"],"yoast_head":"<!-- This site is optimized with the Yoast SEO plugin v24.1 - https:\/\/yoast.com\/wordpress\/plugins\/seo\/ -->\n<title>SEL Week entrades - Sound Earth Legacy<\/title>\n<meta name=\"robots\" content=\"index, follow, max-snippet:-1, max-image-preview:large, max-video-preview:-1\" \/>\n<link rel=\"canonical\" href=\"https:\/\/soundearthlegacy.org\/ca\/sel-week-entrades\/\" \/>\n<meta property=\"og:locale\" content=\"en_US\" \/>\n<meta property=\"og:type\" content=\"article\" \/>\n<meta property=\"og:title\" content=\"SEL Week entrades - Sound Earth Legacy\" \/>\n<meta property=\"og:description\" content=\"ENTRADES ENTRADA SELWEEK DIVENDRES 18 D&#8217;OCTUBRE: 23\u20ac+ DESPESES DE GESTI\u00d3 ACC\u00c9S A CASA MONTJU\u00cfC. COMPRAR ENTRADES ENTRADES &gt;&gt;&gt; COMPRAR &gt;&gt;&gt;&gt;&gt;&gt; ENTRADES &gt;&gt;&gt; COMPRAR &gt;&gt;&gt;&gt;&gt;&gt;\" \/>\n<meta property=\"og:url\" content=\"https:\/\/soundearthlegacy.org\/ca\/sel-week-entrades\/\" \/>\n<meta property=\"og:site_name\" content=\"Sound Earth Legacy\" \/>\n<meta property=\"article:publisher\" content=\"https:\/\/www.facebook.com\/SELSoundEarthLegacy\" \/>\n<meta property=\"article:modified_time\" content=\"2024-09-07T14:10:36+00:00\" \/>\n<meta name=\"twitter:card\" content=\"summary_large_image\" \/>\n<script type=\"application\/ld+json\" class=\"yoast-schema-graph\">{\"@context\":\"https:\/\/schema.org\",\"@graph\":[{\"@type\":\"WebPage\",\"@id\":\"https:\/\/soundearthlegacy.org\/ca\/sel-week-entrades\/\",\"url\":\"https:\/\/soundearthlegacy.org\/ca\/sel-week-entrades\/\",\"name\":\"SEL Week entrades - Sound Earth Legacy\",\"isPartOf\":{\"@id\":\"https:\/\/soundearthlegacy.org\/ca\/#website\"},\"datePublished\":\"2024-07-28T16:42:04+00:00\",\"dateModified\":\"2024-09-07T14:10:36+00:00\",\"breadcrumb\":{\"@id\":\"https:\/\/soundearthlegacy.org\/ca\/sel-week-entrades\/#breadcrumb\"},\"inLanguage\":\"cat-ES\",\"potentialAction\":[{\"@type\":\"ReadAction\",\"target\":[\"https:\/\/soundearthlegacy.org\/ca\/sel-week-entrades\/\"]}]},{\"@type\":\"BreadcrumbList\",\"@id\":\"https:\/\/soundearthlegacy.org\/ca\/sel-week-entrades\/#breadcrumb\",\"itemListElement\":[{\"@type\":\"ListItem\",\"position\":1,\"name\":\"Home\",\"item\":\"https:\/\/soundearthlegacy.org\/ca\/\"},{\"@type\":\"ListItem\",\"position\":2,\"name\":\"SEL Week entrades\"}]},{\"@type\":\"WebSite\",\"@id\":\"https:\/\/soundearthlegacy.org\/ca\/#website\",\"url\":\"https:\/\/soundearthlegacy.org\/ca\/\",\"name\":\"Sound Earth Legacy\",\"description\":\"Non-Profit Organization\",\"publisher\":{\"@id\":\"https:\/\/soundearthlegacy.org\/ca\/#organization\"},\"potentialAction\":[{\"@type\":\"SearchAction\",\"target\":{\"@type\":\"EntryPoint\",\"urlTemplate\":\"https:\/\/soundearthlegacy.org\/ca\/?s={search_term_string}\"},\"query-input\":{\"@type\":\"PropertyValueSpecification\",\"valueRequired\":true,\"valueName\":\"search_term_string\"}}],\"inLanguage\":\"cat-ES\"},{\"@type\":\"Organization\",\"@id\":\"https:\/\/soundearthlegacy.org\/ca\/#organization\",\"name\":\"Sound Earth Legacy\",\"url\":\"https:\/\/soundearthlegacy.org\/ca\/\",\"logo\":{\"@type\":\"ImageObject\",\"inLanguage\":\"cat-ES\",\"@id\":\"https:\/\/soundearthlegacy.org\/ca\/#\/schema\/logo\/image\/\",\"url\":\"https:\/\/soundearthlegacy.org\/wp-content\/uploads\/2021\/05\/home-sel-logo-2.jpg\",\"contentUrl\":\"https:\/\/soundearthlegacy.org\/wp-content\/uploads\/2021\/05\/home-sel-logo-2.jpg\",\"width\":1000,\"height\":722,\"caption\":\"Sound Earth Legacy\"},\"image\":{\"@id\":\"https:\/\/soundearthlegacy.org\/ca\/#\/schema\/logo\/image\/\"},\"sameAs\":[\"https:\/\/www.facebook.com\/SELSoundEarthLegacy\",\"https:\/\/www.instagram.com\/soundearthlegacy\/\",\"https:\/\/www.linkedin.com\/company\/soundearthlegacy\/\"]}]}<\/script>\n<!-- \/ Yoast SEO plugin. -->","yoast_head_json":{"title":"SEL Week entrades - Sound Earth Legacy","robots":{"index":"index","follow":"follow","max-snippet":"max-snippet:-1","max-image-preview":"max-image-preview:large","max-video-preview":"max-video-preview:-1"},"canonical":"https:\/\/soundearthlegacy.org\/ca\/sel-week-entrades\/","og_locale":"en_US","og_type":"article","og_title":"SEL Week entrades - Sound Earth Legacy","og_description":"ENTRADES ENTRADA SELWEEK DIVENDRES 18 D&#8217;OCTUBRE: 23\u20ac+ DESPESES DE GESTI\u00d3 ACC\u00c9S A CASA MONTJU\u00cfC. COMPRAR ENTRADES ENTRADES &gt;&gt;&gt; COMPRAR &gt;&gt;&gt;&gt;&gt;&gt; ENTRADES &gt;&gt;&gt; COMPRAR &gt;&gt;&gt;&gt;&gt;&gt;","og_url":"https:\/\/soundearthlegacy.org\/ca\/sel-week-entrades\/","og_site_name":"Sound Earth Legacy","article_publisher":"https:\/\/www.facebook.com\/SELSoundEarthLegacy","article_modified_time":"2024-09-07T14:10:36+00:00","twitter_card":"summary_large_image","schema":{"@context":"https:\/\/schema.org","@graph":[{"@type":"WebPage","@id":"https:\/\/soundearthlegacy.org\/ca\/sel-week-entrades\/","url":"https:\/\/soundearthlegacy.org\/ca\/sel-week-entrades\/","name":"SEL Week entrades - Sound Earth Legacy","isPartOf":{"@id":"https:\/\/soundearthlegacy.org\/ca\/#website"},"datePublished":"2024-07-28T16:42:04+00:00","dateModified":"2024-09-07T14:10:36+00:00","breadcrumb":{"@id":"https:\/\/soundearthlegacy.org\/ca\/sel-week-entrades\/#breadcrumb"},"inLanguage":"cat-ES","potentialAction":[{"@type":"ReadAction","target":["https:\/\/soundearthlegacy.org\/ca\/sel-week-entrades\/"]}]},{"@type":"BreadcrumbList","@id":"https:\/\/soundearthlegacy.org\/ca\/sel-week-entrades\/#breadcrumb","itemListElement":[{"@type":"ListItem","position":1,"name":"Home","item":"https:\/\/soundearthlegacy.org\/ca\/"},{"@type":"ListItem","position":2,"name":"SEL Week entrades"}]},{"@type":"WebSite","@id":"https:\/\/soundearthlegacy.org\/ca\/#website","url":"https:\/\/soundearthlegacy.org\/ca\/","name":"Sound Earth Legacy","description":"Non-Profit Organization","publisher":{"@id":"https:\/\/soundearthlegacy.org\/ca\/#organization"},"potentialAction":[{"@type":"SearchAction","target":{"@type":"EntryPoint","urlTemplate":"https:\/\/soundearthlegacy.org\/ca\/?s={search_term_string}"},"query-input":{"@type":"PropertyValueSpecification","valueRequired":true,"valueName":"search_term_string"}}],"inLanguage":"cat-ES"},{"@type":"Organization","@id":"https:\/\/soundearthlegacy.org\/ca\/#organization","name":"Sound Earth Legacy","url":"https:\/\/soundearthlegacy.org\/ca\/","logo":{"@type":"ImageObject","inLanguage":"cat-ES","@id":"https:\/\/soundearthlegacy.org\/ca\/#\/schema\/logo\/image\/","url":"https:\/\/soundearthlegacy.org\/wp-content\/uploads\/2021\/05\/home-sel-logo-2.jpg","contentUrl":"https:\/\/soundearthlegacy.org\/wp-content\/uploads\/2021\/05\/home-sel-logo-2.jpg","width":1000,"height":722,"caption":"Sound Earth Legacy"},"image":{"@id":"https:\/\/soundearthlegacy.org\/ca\/#\/schema\/logo\/image\/"},"sameAs":["https:\/\/www.facebook.com\/SELSoundEarthLegacy","https:\/\/www.instagram.com\/soundearthlegacy\/","https:\/\/www.linkedin.com\/company\/soundearthlegacy\/"]}]}},"_links":{"self":[{"href":"https:\/\/soundearthlegacy.org\/ca\/wp-json\/wp\/v2\/pages\/7261","targetHints":{"allow":["GET"]}}],"collection":[{"href":"https:\/\/soundearthlegacy.org\/ca\/wp-json\/wp\/v2\/pages"}],"about":[{"href":"https:\/\/soundearthlegacy.org\/ca\/wp-json\/wp\/v2\/types\/page"}],"author":[{"embeddable":true,"href":"https:\/\/soundearthlegacy.org\/ca\/wp-json\/wp\/v2\/users\/2"}],"replies":[{"embeddable":true,"href":"https:\/\/soundearthlegacy.org\/ca\/wp-json\/wp\/v2\/comments?post=7261"}],"version-history":[{"count":7,"href":"https:\/\/soundearthlegacy.org\/ca\/wp-json\/wp\/v2\/pages\/7261\/revisions"}],"predecessor-version":[{"id":7726,"href":"https:\/\/soundearthlegacy.org\/ca\/wp-json\/wp\/v2\/pages\/7261\/revisions\/7726"}],"wp:attachment":[{"href":"https:\/\/soundearthlegacy.org\/ca\/wp-json\/wp\/v2\/media?parent=7261"}],"curies":[{"name":"wp","href":"https:\/\/api.w.org\/{rel}","templated":true}]}}