{"id":3060,"date":"2021-03-25T09:52:27","date_gmt":"2021-03-25T09:52:27","guid":{"rendered":"https:\/\/soundearthlegacy.org\/?page_id=3060"},"modified":"2021-05-05T07:07:53","modified_gmt":"2021-05-05T07:07:53","slug":"como-trabajamos","status":"publish","type":"page","link":"https:\/\/soundearthlegacy.org\/es\/como-trabajamos\/","title":{"rendered":"\u00bfC\u00d3MO TRABAJAMOS?"},"content":{"rendered":"\t\t<div data-elementor-type=\"wp-page\" data-elementor-id=\"3060\" class=\"elementor elementor-3060 elementor-374\" data-elementor-post-type=\"page\">\n\t\t\t\t\t\t<section class=\"elementor-section elementor-top-section elementor-element elementor-element-e3c06d4 elementor-section-full_width elementor-section-height-min-height elementor-section-items-stretch elementor-section-height-default\" data-id=\"e3c06d4\" data-element_type=\"section\">\n\t\t\t\t\t\t<div class=\"elementor-container elementor-column-gap-default\">\n\t\t\t\t\t<div class=\"elementor-column elementor-col-25 elementor-top-column elementor-element elementor-element-86c0729\" data-id=\"86c0729\" data-element_type=\"column\" data-settings=\"{&quot;background_background&quot;:&quot;classic&quot;}\">\n\t\t\t<div class=\"elementor-widget-wrap elementor-element-populated\">\n\t\t\t\t\t\t<div class=\"elementor-element elementor-element-958a37e elementor-widget elementor-widget-heading\" data-id=\"958a37e\" data-element_type=\"widget\" data-widget_type=\"heading.default\">\n\t\t\t\t<div class=\"elementor-widget-container\">\n\t\t\t<h2 class=\"elementor-heading-title elementor-size-default\">M\u00daSICA SOSTENIBLE PARA PROTEGER NUESTRO MUNDO NATURAL M\u00c1S FR\u00c1GIL Y TODAS LAS ESPECIES QUE LO HABITAN, INCLUIDOS NOSOTROS<\/h2>\t\t<\/div>\n\t\t\t\t<\/div>\n\t\t\t\t<div class=\"elementor-element elementor-element-8b4ff6c elementor-widget elementor-widget-heading\" data-id=\"8b4ff6c\" data-element_type=\"widget\" data-widget_type=\"heading.default\">\n\t\t\t\t<div class=\"elementor-widget-container\">\n\t\t\t<h2 class=\"elementor-heading-title elementor-size-default\">\u00bfPor qu\u00e9 la m\u00fasica?<\/h2>\t\t<\/div>\n\t\t\t\t<\/div>\n\t\t\t\t<div class=\"elementor-element elementor-element-796beac elementor-widget elementor-widget-heading\" data-id=\"796beac\" data-element_type=\"widget\" data-widget_type=\"heading.default\">\n\t\t\t\t<div class=\"elementor-widget-container\">\n\t\t\t<h2 class=\"elementor-heading-title elementor-size-default\">La m\u00fasica y el sonido son canales de gran importancia para comunicarse y crear empat\u00eda entre humanos y especies. Colaboramos con reconocidos artistas internacionales que quieren acelerar cambios positivos de forma sostenible.<\/h2>\t\t<\/div>\n\t\t\t\t<\/div>\n\t\t\t\t<div class=\"elementor-element elementor-element-6375ff4 elementor-widget elementor-widget-heading\" data-id=\"6375ff4\" data-element_type=\"widget\" data-widget_type=\"heading.default\">\n\t\t\t\t<div class=\"elementor-widget-container\">\n\t\t\t<h2 class=\"elementor-heading-title elementor-size-default\"><a href=\"https:\/\/soundearthlegacy.org\/es\/planetary-artists\/\">DESCUBRE NUESTROS PLANETARY ARTISTS &gt;&gt;<\/a><\/h2>\t\t<\/div>\n\t\t\t\t<\/div>\n\t\t\t\t<div class=\"elementor-element elementor-element-60b343c elementor-widget elementor-widget-heading\" data-id=\"60b343c\" data-element_type=\"widget\" data-widget_type=\"heading.default\">\n\t\t\t\t<div class=\"elementor-widget-container\">\n\t\t\t<h2 class=\"elementor-heading-title elementor-size-default\"><a href=\"https:\/\/soundearthlegacy.org\/es\/black-coral-symphony\/\">PROYECTO&gt;&gt;<\/a><\/h2>\t\t<\/div>\n\t\t\t\t<\/div>\n\t\t\t\t<div class=\"elementor-element elementor-element-37f10bd elementor-widget elementor-widget-spacer\" data-id=\"37f10bd\" data-element_type=\"widget\" data-widget_type=\"spacer.default\">\n\t\t\t\t<div class=\"elementor-widget-container\">\n\t\t\t\t\t<div class=\"elementor-spacer\">\n\t\t\t<div class=\"elementor-spacer-inner\"><\/div>\n\t\t<\/div>\n\t\t\t\t<\/div>\n\t\t\t\t<\/div>\n\t\t\t\t\t<\/div>\n\t\t<\/div>\n\t\t\t\t<div class=\"elementor-column elementor-col-25 elementor-top-column elementor-element elementor-element-47db1c9\" data-id=\"47db1c9\" data-element_type=\"column\" data-settings=\"{&quot;background_background&quot;:&quot;classic&quot;}\">\n\t\t\t<div class=\"elementor-widget-wrap elementor-element-populated\">\n\t\t\t\t\t\t<div class=\"elementor-element elementor-element-051ae47 elementor-widget elementor-widget-heading\" data-id=\"051ae47\" data-element_type=\"widget\" data-widget_type=\"heading.default\">\n\t\t\t\t<div class=\"elementor-widget-container\">\n\t\t\t<h2 class=\"elementor-heading-title elementor-size-default\">\u00bfC\u00f3mo trabajamos?<\/h2>\t\t<\/div>\n\t\t\t\t<\/div>\n\t\t\t\t<div class=\"elementor-element elementor-element-72fbda5 elementor-widget elementor-widget-heading\" data-id=\"72fbda5\" data-element_type=\"widget\" data-widget_type=\"heading.default\">\n\t\t\t\t<div class=\"elementor-widget-container\">\n\t\t\t<h2 class=\"elementor-heading-title elementor-size-default\">Con m\u00e1s de 20 a\u00f1os trabajando en la industria de la m\u00fasica, seleccionamos artistas emergentes y reconocidos en todo el mundo para ayudarnos a crear conciencia y actuar ante el cambio clim\u00e1tico a trav\u00e9s de la m\u00fasica.<\/h2>\t\t<\/div>\n\t\t\t\t<\/div>\n\t\t\t\t<div class=\"elementor-element elementor-element-07c9646 elementor-widget elementor-widget-heading\" data-id=\"07c9646\" data-element_type=\"widget\" data-widget_type=\"heading.default\">\n\t\t\t\t<div class=\"elementor-widget-container\">\n\t\t\t<h2 class=\"elementor-heading-title elementor-size-default\"><b>Planificaci\u00f3n<\/b><br>\n\nSeleccionamos sonidos pregrabados de la naturaleza y de nuestros colaboradores cient\u00edficos.<br><br>\nSeleccionamos e invitamos a artistas internacionales a crear conciencia entorno al cambio clim\u00e1tico y a actuar. La selecci\u00f3n se basa en paridad, calidad y diversidad.<\/h2>\t\t<\/div>\n\t\t\t\t<\/div>\n\t\t\t\t<div class=\"elementor-element elementor-element-c807f8a elementor-widget elementor-widget-heading\" data-id=\"c807f8a\" data-element_type=\"widget\" data-widget_type=\"heading.default\">\n\t\t\t\t<div class=\"elementor-widget-container\">\n\t\t\t<h2 class=\"elementor-heading-title elementor-size-default\"><b>Implementaci\u00f3n.<\/b><br>\nProporcionamos los sonidos exclusivos a los artistas para producir un tema in\u00e9dito que compartimos en nuestras redes sociales y sitio web.<\/h2>\t\t<\/div>\n\t\t\t\t<\/div>\n\t\t\t\t<div class=\"elementor-element elementor-element-1e405f2 elementor-widget elementor-widget-heading\" data-id=\"1e405f2\" data-element_type=\"widget\" data-widget_type=\"heading.default\">\n\t\t\t\t<div class=\"elementor-widget-container\">\n\t\t\t<h2 class=\"elementor-heading-title elementor-size-default\"><b>Post-implementaci\u00f3n<\/b><br>\nPara garantizar que el sonido y la m\u00fasica lleguen a todo el mundo, nuestro equipo pasa meses estableciendo un compromiso con la comunidad y creando conciencia a trav\u00e9s de diferentes campa\u00f1as de comunicaci\u00f3n, adem\u00e1s de crear programas culturales sonoros y musicales.<\/h2>\t\t<\/div>\n\t\t\t\t<\/div>\n\t\t\t\t\t<\/div>\n\t\t<\/div>\n\t\t\t\t<div class=\"elementor-column elementor-col-25 elementor-top-column elementor-element elementor-element-87f2415\" data-id=\"87f2415\" data-element_type=\"column\" data-settings=\"{&quot;background_background&quot;:&quot;classic&quot;}\">\n\t\t\t<div class=\"elementor-widget-wrap elementor-element-populated\">\n\t\t\t\t\t\t<div class=\"elementor-element elementor-element-ae897a2 elementor-hidden-tablet elementor-widget elementor-widget-spacer\" data-id=\"ae897a2\" data-element_type=\"widget\" data-widget_type=\"spacer.default\">\n\t\t\t\t<div class=\"elementor-widget-container\">\n\t\t\t\t\t<div class=\"elementor-spacer\">\n\t\t\t<div class=\"elementor-spacer-inner\"><\/div>\n\t\t<\/div>\n\t\t\t\t<\/div>\n\t\t\t\t<\/div>\n\t\t\t\t<div class=\"elementor-element elementor-element-afd4f1f elementor-widget elementor-widget-image\" data-id=\"afd4f1f\" data-element_type=\"widget\" data-widget_type=\"image.default\">\n\t\t\t\t<div class=\"elementor-widget-container\">\n\t\t\t\t\t\t\t\t\t\t\t\t\t<img fetchpriority=\"high\" decoding=\"async\" width=\"300\" height=\"1000\" src=\"https:\/\/soundearthlegacy.org\/wp-content\/uploads\/2021\/01\/infografia-sel-home-1.svg\" class=\"attachment-full size-full wp-image-241\" alt=\"\" \/>\t\t\t\t\t\t\t\t\t\t\t\t\t<\/div>\n\t\t\t\t<\/div>\n\t\t\t\t<div class=\"elementor-element elementor-element-4f11b9c elementor-widget elementor-widget-spacer\" data-id=\"4f11b9c\" data-element_type=\"widget\" data-widget_type=\"spacer.default\">\n\t\t\t\t<div class=\"elementor-widget-container\">\n\t\t\t\t\t<div class=\"elementor-spacer\">\n\t\t\t<div class=\"elementor-spacer-inner\"><\/div>\n\t\t<\/div>\n\t\t\t\t<\/div>\n\t\t\t\t<\/div>\n\t\t\t\t\t<\/div>\n\t\t<\/div>\n\t\t\t\t<div class=\"elementor-column elementor-col-25 elementor-top-column elementor-element elementor-element-2e751fb elementor-hidden-tablet elementor-hidden-phone\" data-id=\"2e751fb\" data-element_type=\"column\" data-settings=\"{&quot;background_background&quot;:&quot;classic&quot;}\">\n\t\t\t<div class=\"elementor-widget-wrap\">\n\t\t\t\t\t\t\t<\/div>\n\t\t<\/div>\n\t\t\t\t\t<\/div>\n\t\t<\/section>\n\t\t\t\t<\/div>\n\t\t","protected":false},"excerpt":{"rendered":"<p>M\u00daSICA SOSTENIBLE PARA PROTEGER NUESTRO MUNDO NATURAL M\u00c1S FR\u00c1GIL Y TODAS LAS ESPECIES QUE LO HABITAN, INCLUIDOS NOSOTROS \u00bfPor qu\u00e9 la m\u00fasica? La m\u00fasica y el sonido son canales de gran importancia para comunicarse y crear empat\u00eda entre humanos y especies. Colaboramos con reconocidos artistas internacionales que quieren acelerar cambios positivos de forma sostenible. DESCUBRE [&hellip;]<\/p>\n","protected":false},"author":9,"featured_media":3062,"parent":0,"menu_order":0,"comment_status":"closed","ping_status":"closed","template":"","meta":{"inline_featured_image":false,"footnotes":""},"class_list":["post-3060","page","type-page","status-publish","has-post-thumbnail","hentry"],"yoast_head":"<!-- This site is optimized with the Yoast SEO plugin v24.1 - https:\/\/yoast.com\/wordpress\/plugins\/seo\/ -->\n<title>\u00bfC\u00d3MO TRABAJAMOS? - Sound Earth Legacy<\/title>\n<meta name=\"description\" content=\"Con m\u00e1s de 20 a\u00f1os trabajando en la industria de la m\u00fasica, seleccionamos artistas emergentes y reconocidos en todo el mundo para ayudarnos a crear conciencia y actuar ante el cambio clim\u00e1tico a trav\u00e9s de la m\u00fasica.\" \/>\n<meta name=\"robots\" content=\"index, follow, max-snippet:-1, max-image-preview:large, max-video-preview:-1\" \/>\n<link rel=\"canonical\" href=\"https:\/\/soundearthlegacy.org\/es\/como-trabajamos\/\" \/>\n<meta property=\"og:locale\" content=\"es_ES\" \/>\n<meta property=\"og:type\" content=\"article\" \/>\n<meta property=\"og:title\" content=\"\u00bfC\u00d3MO TRABAJAMOS? - Sound Earth Legacy\" \/>\n<meta property=\"og:description\" content=\"Con m\u00e1s de 20 a\u00f1os trabajando en la industria de la m\u00fasica, seleccionamos artistas emergentes y reconocidos en todo el mundo para ayudarnos a crear conciencia y actuar ante el cambio clim\u00e1tico a trav\u00e9s de la m\u00fasica.\" \/>\n<meta property=\"og:url\" content=\"https:\/\/soundearthlegacy.org\/es\/como-trabajamos\/\" \/>\n<meta property=\"og:site_name\" content=\"Sound Earth Legacy\" \/>\n<meta property=\"article:publisher\" content=\"https:\/\/www.facebook.com\/SELSoundEarthLegacy\" \/>\n<meta property=\"article:modified_time\" content=\"2021-05-05T07:07:53+00:00\" \/>\n<meta property=\"og:image\" content=\"https:\/\/soundearthlegacy.org\/wp-content\/uploads\/2021\/02\/sound-earth-legacy-what-do-we-do-2.jpg\" \/>\n\t<meta property=\"og:image:width\" content=\"2052\" \/>\n\t<meta property=\"og:image:height\" content=\"1353\" \/>\n\t<meta property=\"og:image:type\" content=\"image\/jpeg\" \/>\n<meta name=\"twitter:card\" content=\"summary_large_image\" \/>\n<meta name=\"twitter:label1\" content=\"Tiempo de lectura\" \/>\n\t<meta name=\"twitter:data1\" content=\"2 minutos\" \/>\n<script type=\"application\/ld+json\" class=\"yoast-schema-graph\">{\"@context\":\"https:\/\/schema.org\",\"@graph\":[{\"@type\":\"WebPage\",\"@id\":\"https:\/\/soundearthlegacy.org\/es\/como-trabajamos\/\",\"url\":\"https:\/\/soundearthlegacy.org\/es\/como-trabajamos\/\",\"name\":\"\u00bfC\u00d3MO TRABAJAMOS? - Sound Earth Legacy\",\"isPartOf\":{\"@id\":\"https:\/\/soundearthlegacy.org\/es\/#website\"},\"primaryImageOfPage\":{\"@id\":\"https:\/\/soundearthlegacy.org\/es\/como-trabajamos\/#primaryimage\"},\"image\":{\"@id\":\"https:\/\/soundearthlegacy.org\/es\/como-trabajamos\/#primaryimage\"},\"thumbnailUrl\":\"https:\/\/soundearthlegacy.org\/wp-content\/uploads\/2021\/02\/sound-earth-legacy-what-do-we-do-2.jpg\",\"datePublished\":\"2021-03-25T09:52:27+00:00\",\"dateModified\":\"2021-05-05T07:07:53+00:00\",\"description\":\"Con m\u00e1s de 20 a\u00f1os trabajando en la industria de la m\u00fasica, seleccionamos artistas emergentes y reconocidos en todo el mundo para ayudarnos a crear conciencia y actuar ante el cambio clim\u00e1tico a trav\u00e9s de la m\u00fasica.\",\"breadcrumb\":{\"@id\":\"https:\/\/soundearthlegacy.org\/es\/como-trabajamos\/#breadcrumb\"},\"inLanguage\":\"es\",\"potentialAction\":[{\"@type\":\"ReadAction\",\"target\":[\"https:\/\/soundearthlegacy.org\/es\/como-trabajamos\/\"]}]},{\"@type\":\"ImageObject\",\"inLanguage\":\"es\",\"@id\":\"https:\/\/soundearthlegacy.org\/es\/como-trabajamos\/#primaryimage\",\"url\":\"https:\/\/soundearthlegacy.org\/wp-content\/uploads\/2021\/02\/sound-earth-legacy-what-do-we-do-2.jpg\",\"contentUrl\":\"https:\/\/soundearthlegacy.org\/wp-content\/uploads\/2021\/02\/sound-earth-legacy-what-do-we-do-2.jpg\",\"width\":2052,\"height\":1353},{\"@type\":\"BreadcrumbList\",\"@id\":\"https:\/\/soundearthlegacy.org\/es\/como-trabajamos\/#breadcrumb\",\"itemListElement\":[{\"@type\":\"ListItem\",\"position\":1,\"name\":\"Home\",\"item\":\"https:\/\/soundearthlegacy.org\/es\/\"},{\"@type\":\"ListItem\",\"position\":2,\"name\":\"\u00bfC\u00d3MO TRABAJAMOS?\"}]},{\"@type\":\"WebSite\",\"@id\":\"https:\/\/soundearthlegacy.org\/es\/#website\",\"url\":\"https:\/\/soundearthlegacy.org\/es\/\",\"name\":\"Sound Earth Legacy\",\"description\":\"Non-Profit Organization\",\"publisher\":{\"@id\":\"https:\/\/soundearthlegacy.org\/es\/#organization\"},\"potentialAction\":[{\"@type\":\"SearchAction\",\"target\":{\"@type\":\"EntryPoint\",\"urlTemplate\":\"https:\/\/soundearthlegacy.org\/es\/?s={search_term_string}\"},\"query-input\":{\"@type\":\"PropertyValueSpecification\",\"valueRequired\":true,\"valueName\":\"search_term_string\"}}],\"inLanguage\":\"es\"},{\"@type\":\"Organization\",\"@id\":\"https:\/\/soundearthlegacy.org\/es\/#organization\",\"name\":\"Sound Earth Legacy\",\"url\":\"https:\/\/soundearthlegacy.org\/es\/\",\"logo\":{\"@type\":\"ImageObject\",\"inLanguage\":\"es\",\"@id\":\"https:\/\/soundearthlegacy.org\/es\/#\/schema\/logo\/image\/\",\"url\":\"https:\/\/soundearthlegacy.org\/wp-content\/uploads\/2021\/05\/home-sel-logo-2.jpg\",\"contentUrl\":\"https:\/\/soundearthlegacy.org\/wp-content\/uploads\/2021\/05\/home-sel-logo-2.jpg\",\"width\":1000,\"height\":722,\"caption\":\"Sound Earth Legacy\"},\"image\":{\"@id\":\"https:\/\/soundearthlegacy.org\/es\/#\/schema\/logo\/image\/\"},\"sameAs\":[\"https:\/\/www.facebook.com\/SELSoundEarthLegacy\",\"https:\/\/www.instagram.com\/soundearthlegacy\/\",\"https:\/\/www.linkedin.com\/company\/soundearthlegacy\/\"]}]}<\/script>\n<!-- \/ Yoast SEO plugin. -->","yoast_head_json":{"title":"\u00bfC\u00d3MO TRABAJAMOS? - Sound Earth Legacy","description":"Con m\u00e1s de 20 a\u00f1os trabajando en la industria de la m\u00fasica, seleccionamos artistas emergentes y reconocidos en todo el mundo para ayudarnos a crear conciencia y actuar ante el cambio clim\u00e1tico a trav\u00e9s de la m\u00fasica.","robots":{"index":"index","follow":"follow","max-snippet":"max-snippet:-1","max-image-preview":"max-image-preview:large","max-video-preview":"max-video-preview:-1"},"canonical":"https:\/\/soundearthlegacy.org\/es\/como-trabajamos\/","og_locale":"es_ES","og_type":"article","og_title":"\u00bfC\u00d3MO TRABAJAMOS? - Sound Earth Legacy","og_description":"Con m\u00e1s de 20 a\u00f1os trabajando en la industria de la m\u00fasica, seleccionamos artistas emergentes y reconocidos en todo el mundo para ayudarnos a crear conciencia y actuar ante el cambio clim\u00e1tico a trav\u00e9s de la m\u00fasica.","og_url":"https:\/\/soundearthlegacy.org\/es\/como-trabajamos\/","og_site_name":"Sound Earth Legacy","article_publisher":"https:\/\/www.facebook.com\/SELSoundEarthLegacy","article_modified_time":"2021-05-05T07:07:53+00:00","og_image":[{"width":2052,"height":1353,"url":"https:\/\/soundearthlegacy.org\/wp-content\/uploads\/2021\/02\/sound-earth-legacy-what-do-we-do-2.jpg","type":"image\/jpeg"}],"twitter_card":"summary_large_image","twitter_misc":{"Tiempo de lectura":"2 minutos"},"schema":{"@context":"https:\/\/schema.org","@graph":[{"@type":"WebPage","@id":"https:\/\/soundearthlegacy.org\/es\/como-trabajamos\/","url":"https:\/\/soundearthlegacy.org\/es\/como-trabajamos\/","name":"\u00bfC\u00d3MO TRABAJAMOS? - Sound Earth Legacy","isPartOf":{"@id":"https:\/\/soundearthlegacy.org\/es\/#website"},"primaryImageOfPage":{"@id":"https:\/\/soundearthlegacy.org\/es\/como-trabajamos\/#primaryimage"},"image":{"@id":"https:\/\/soundearthlegacy.org\/es\/como-trabajamos\/#primaryimage"},"thumbnailUrl":"https:\/\/soundearthlegacy.org\/wp-content\/uploads\/2021\/02\/sound-earth-legacy-what-do-we-do-2.jpg","datePublished":"2021-03-25T09:52:27+00:00","dateModified":"2021-05-05T07:07:53+00:00","description":"Con m\u00e1s de 20 a\u00f1os trabajando en la industria de la m\u00fasica, seleccionamos artistas emergentes y reconocidos en todo el mundo para ayudarnos a crear conciencia y actuar ante el cambio clim\u00e1tico a trav\u00e9s de la m\u00fasica.","breadcrumb":{"@id":"https:\/\/soundearthlegacy.org\/es\/como-trabajamos\/#breadcrumb"},"inLanguage":"es","potentialAction":[{"@type":"ReadAction","target":["https:\/\/soundearthlegacy.org\/es\/como-trabajamos\/"]}]},{"@type":"ImageObject","inLanguage":"es","@id":"https:\/\/soundearthlegacy.org\/es\/como-trabajamos\/#primaryimage","url":"https:\/\/soundearthlegacy.org\/wp-content\/uploads\/2021\/02\/sound-earth-legacy-what-do-we-do-2.jpg","contentUrl":"https:\/\/soundearthlegacy.org\/wp-content\/uploads\/2021\/02\/sound-earth-legacy-what-do-we-do-2.jpg","width":2052,"height":1353},{"@type":"BreadcrumbList","@id":"https:\/\/soundearthlegacy.org\/es\/como-trabajamos\/#breadcrumb","itemListElement":[{"@type":"ListItem","position":1,"name":"Home","item":"https:\/\/soundearthlegacy.org\/es\/"},{"@type":"ListItem","position":2,"name":"\u00bfC\u00d3MO TRABAJAMOS?"}]},{"@type":"WebSite","@id":"https:\/\/soundearthlegacy.org\/es\/#website","url":"https:\/\/soundearthlegacy.org\/es\/","name":"Sound Earth Legacy","description":"Non-Profit Organization","publisher":{"@id":"https:\/\/soundearthlegacy.org\/es\/#organization"},"potentialAction":[{"@type":"SearchAction","target":{"@type":"EntryPoint","urlTemplate":"https:\/\/soundearthlegacy.org\/es\/?s={search_term_string}"},"query-input":{"@type":"PropertyValueSpecification","valueRequired":true,"valueName":"search_term_string"}}],"inLanguage":"es"},{"@type":"Organization","@id":"https:\/\/soundearthlegacy.org\/es\/#organization","name":"Sound Earth Legacy","url":"https:\/\/soundearthlegacy.org\/es\/","logo":{"@type":"ImageObject","inLanguage":"es","@id":"https:\/\/soundearthlegacy.org\/es\/#\/schema\/logo\/image\/","url":"https:\/\/soundearthlegacy.org\/wp-content\/uploads\/2021\/05\/home-sel-logo-2.jpg","contentUrl":"https:\/\/soundearthlegacy.org\/wp-content\/uploads\/2021\/05\/home-sel-logo-2.jpg","width":1000,"height":722,"caption":"Sound Earth Legacy"},"image":{"@id":"https:\/\/soundearthlegacy.org\/es\/#\/schema\/logo\/image\/"},"sameAs":["https:\/\/www.facebook.com\/SELSoundEarthLegacy","https:\/\/www.instagram.com\/soundearthlegacy\/","https:\/\/www.linkedin.com\/company\/soundearthlegacy\/"]}]}},"_links":{"self":[{"href":"https:\/\/soundearthlegacy.org\/es\/wp-json\/wp\/v2\/pages\/3060","targetHints":{"allow":["GET"]}}],"collection":[{"href":"https:\/\/soundearthlegacy.org\/es\/wp-json\/wp\/v2\/pages"}],"about":[{"href":"https:\/\/soundearthlegacy.org\/es\/wp-json\/wp\/v2\/types\/page"}],"author":[{"embeddable":true,"href":"https:\/\/soundearthlegacy.org\/es\/wp-json\/wp\/v2\/users\/9"}],"replies":[{"embeddable":true,"href":"https:\/\/soundearthlegacy.org\/es\/wp-json\/wp\/v2\/comments?post=3060"}],"version-history":[{"count":29,"href":"https:\/\/soundearthlegacy.org\/es\/wp-json\/wp\/v2\/pages\/3060\/revisions"}],"predecessor-version":[{"id":4906,"href":"https:\/\/soundearthlegacy.org\/es\/wp-json\/wp\/v2\/pages\/3060\/revisions\/4906"}],"wp:featuredmedia":[{"embeddable":true,"href":"https:\/\/soundearthlegacy.org\/es\/wp-json\/wp\/v2\/media\/3062"}],"wp:attachment":[{"href":"https:\/\/soundearthlegacy.org\/es\/wp-json\/wp\/v2\/media?parent=3060"}],"curies":[{"name":"wp","href":"https:\/\/api.w.org\/{rel}","templated":true}]}}