{"id":3175,"date":"2021-03-25T17:01:18","date_gmt":"2021-03-25T17:01:18","guid":{"rendered":"https:\/\/soundearthlegacy.org\/?page_id=3175"},"modified":"2021-05-03T14:48:37","modified_gmt":"2021-05-03T14:48:37","slug":"xr-media-y-educacion","status":"publish","type":"page","link":"https:\/\/soundearthlegacy.org\/es\/xr-media-y-educacion\/","title":{"rendered":"XR MEDIA y EDUCACI\u00d3N"},"content":{"rendered":"\t\t<div data-elementor-type=\"wp-page\" data-elementor-id=\"3175\" class=\"elementor elementor-3175 elementor-2763\" data-elementor-post-type=\"page\">\n\t\t\t\t\t\t<section class=\"elementor-section elementor-top-section elementor-element elementor-element-6e5e4e9 elementor-section-full_width elementor-section-height-min-height elementor-section-height-default elementor-section-items-middle\" data-id=\"6e5e4e9\" data-element_type=\"section\">\n\t\t\t\t\t\t\t<div class=\"elementor-background-overlay\"><\/div>\n\t\t\t\t\t\t\t<div class=\"elementor-container elementor-column-gap-default\">\n\t\t\t\t\t<div class=\"elementor-column elementor-col-50 elementor-top-column elementor-element elementor-element-5cb2e43\" data-id=\"5cb2e43\" data-element_type=\"column\" data-settings=\"{&quot;background_background&quot;:&quot;classic&quot;,&quot;background_motion_fx_motion_fx_scrolling&quot;:&quot;yes&quot;,&quot;background_motion_fx_translateY_effect&quot;:&quot;yes&quot;,&quot;background_motion_fx_translateY_speed&quot;:{&quot;unit&quot;:&quot;px&quot;,&quot;size&quot;:&quot;2.5&quot;,&quot;sizes&quot;:[]},&quot;background_motion_fx_translateY_affectedRange&quot;:{&quot;unit&quot;:&quot;%&quot;,&quot;size&quot;:&quot;&quot;,&quot;sizes&quot;:{&quot;start&quot;:0,&quot;end&quot;:100}},&quot;background_motion_fx_devices&quot;:[&quot;desktop&quot;,&quot;tablet&quot;,&quot;mobile&quot;]}\">\n\t\t\t<div class=\"elementor-widget-wrap elementor-element-populated\">\n\t\t\t\t\t<div class=\"elementor-background-overlay\"><\/div>\n\t\t\t\t\t\t<div class=\"elementor-element elementor-element-9a89368 elementor-widget elementor-widget-spacer\" data-id=\"9a89368\" data-element_type=\"widget\" data-widget_type=\"spacer.default\">\n\t\t\t\t<div class=\"elementor-widget-container\">\n\t\t\t\t\t<div class=\"elementor-spacer\">\n\t\t\t<div class=\"elementor-spacer-inner\"><\/div>\n\t\t<\/div>\n\t\t\t\t<\/div>\n\t\t\t\t<\/div>\n\t\t\t\t<div class=\"elementor-element elementor-element-a667339 elementor-widget elementor-widget-spacer\" data-id=\"a667339\" data-element_type=\"widget\" data-widget_type=\"spacer.default\">\n\t\t\t\t<div class=\"elementor-widget-container\">\n\t\t\t\t\t<div class=\"elementor-spacer\">\n\t\t\t<div class=\"elementor-spacer-inner\"><\/div>\n\t\t<\/div>\n\t\t\t\t<\/div>\n\t\t\t\t<\/div>\n\t\t\t\t<div class=\"elementor-element elementor-element-d6a97c8 elementor-widget elementor-widget-heading\" data-id=\"d6a97c8\" data-element_type=\"widget\" data-widget_type=\"heading.default\">\n\t\t\t\t<div class=\"elementor-widget-container\">\n\t\t\t<h2 class=\"elementor-heading-title elementor-size-default\">XR MEDIA Y EDUCACI\u00d3N<\/h2>\t\t<\/div>\n\t\t\t\t<\/div>\n\t\t\t\t<div class=\"elementor-element elementor-element-d731f99 elementor-widget elementor-widget-heading\" data-id=\"d731f99\" data-element_type=\"widget\" data-widget_type=\"heading.default\">\n\t\t\t\t<div class=\"elementor-widget-container\">\n\t\t\t<h2 class=\"elementor-heading-title elementor-size-default\">PARA MEJORAR LA EMPAT\u00cdA ENTRE LOS HUMANOS Y NUESTRO FR\u00c1GIL PLANETA CREAMOS EXPERIENCIAS SONORAS Y MUSICALES INMERSIVAS.<\/h2>\t\t<\/div>\n\t\t\t\t<\/div>\n\t\t\t\t<div class=\"elementor-element elementor-element-e5c4f7f elementor-widget elementor-widget-heading\" data-id=\"e5c4f7f\" data-element_type=\"widget\" data-widget_type=\"heading.default\">\n\t\t\t\t<div class=\"elementor-widget-container\">\n\t\t\t<h2 class=\"elementor-heading-title elementor-size-default\">EXPLORAMOS NUEVAS FORMAS DE CREAR SENSIBILIZACI\u00d3N MEDIOAMBIENTAL A TRAV\u00c9S DEL SONIDO Y LA M\u00daSICA CON EL FIN DE PROTEGER NUESTRO PATRIMONIO SENSORIAL, ACELERAR PROYECTOS CIENT\u00cdFICOS PIONEROS Y MEJORAR LA SALUD DE LOS ECOSISTEMAS Y EL BIENESTAR HUMANO.<\/h2>\t\t<\/div>\n\t\t\t\t<\/div>\n\t\t\t\t<div class=\"elementor-element elementor-element-0aa4692 elementor-widget elementor-widget-spacer\" data-id=\"0aa4692\" data-element_type=\"widget\" data-widget_type=\"spacer.default\">\n\t\t\t\t<div class=\"elementor-widget-container\">\n\t\t\t\t\t<div class=\"elementor-spacer\">\n\t\t\t<div class=\"elementor-spacer-inner\"><\/div>\n\t\t<\/div>\n\t\t\t\t<\/div>\n\t\t\t\t<\/div>\n\t\t\t\t\t<\/div>\n\t\t<\/div>\n\t\t\t\t<div class=\"elementor-column elementor-col-50 elementor-top-column elementor-element elementor-element-8dac9bd\" data-id=\"8dac9bd\" data-element_type=\"column\" data-settings=\"{&quot;background_background&quot;:&quot;classic&quot;,&quot;background_motion_fx_motion_fx_scrolling&quot;:&quot;yes&quot;,&quot;background_motion_fx_translateY_effect&quot;:&quot;yes&quot;,&quot;background_motion_fx_translateY_speed&quot;:{&quot;unit&quot;:&quot;px&quot;,&quot;size&quot;:&quot;2.5&quot;,&quot;sizes&quot;:[]},&quot;background_motion_fx_translateY_affectedRange&quot;:{&quot;unit&quot;:&quot;%&quot;,&quot;size&quot;:&quot;&quot;,&quot;sizes&quot;:{&quot;start&quot;:0,&quot;end&quot;:100}},&quot;background_motion_fx_devices&quot;:[&quot;desktop&quot;,&quot;tablet&quot;,&quot;mobile&quot;]}\">\n\t\t\t<div class=\"elementor-widget-wrap elementor-element-populated\">\n\t\t\t\t\t\t<div class=\"elementor-element elementor-element-9446468 elementor-widget elementor-widget-spacer\" data-id=\"9446468\" data-element_type=\"widget\" data-widget_type=\"spacer.default\">\n\t\t\t\t<div class=\"elementor-widget-container\">\n\t\t\t\t\t<div class=\"elementor-spacer\">\n\t\t\t<div class=\"elementor-spacer-inner\"><\/div>\n\t\t<\/div>\n\t\t\t\t<\/div>\n\t\t\t\t<\/div>\n\t\t\t\t<div class=\"elementor-element elementor-element-fcc836b elementor-widget elementor-widget-spacer\" data-id=\"fcc836b\" data-element_type=\"widget\" data-widget_type=\"spacer.default\">\n\t\t\t\t<div class=\"elementor-widget-container\">\n\t\t\t\t\t<div class=\"elementor-spacer\">\n\t\t\t<div class=\"elementor-spacer-inner\"><\/div>\n\t\t<\/div>\n\t\t\t\t<\/div>\n\t\t\t\t<\/div>\n\t\t\t\t<div class=\"elementor-element elementor-element-5244801 elementor-widget elementor-widget-spacer\" data-id=\"5244801\" data-element_type=\"widget\" data-widget_type=\"spacer.default\">\n\t\t\t\t<div class=\"elementor-widget-container\">\n\t\t\t\t\t<div class=\"elementor-spacer\">\n\t\t\t<div class=\"elementor-spacer-inner\"><\/div>\n\t\t<\/div>\n\t\t\t\t<\/div>\n\t\t\t\t<\/div>\n\t\t\t\t\t<\/div>\n\t\t<\/div>\n\t\t\t\t\t<\/div>\n\t\t<\/section>\n\t\t\t\t<section class=\"elementor-section elementor-top-section elementor-element elementor-element-ae99740 elementor-section-boxed elementor-section-height-default elementor-section-height-default\" data-id=\"ae99740\" data-element_type=\"section\">\n\t\t\t\t\t\t<div class=\"elementor-container elementor-column-gap-default\">\n\t\t\t\t\t<div class=\"elementor-column elementor-col-100 elementor-top-column elementor-element elementor-element-c1550d4\" data-id=\"c1550d4\" data-element_type=\"column\">\n\t\t\t<div class=\"elementor-widget-wrap elementor-element-populated\">\n\t\t\t\t\t\t<div class=\"elementor-element elementor-element-bb9c4e3 elementor-widget elementor-widget-spacer\" data-id=\"bb9c4e3\" data-element_type=\"widget\" data-widget_type=\"spacer.default\">\n\t\t\t\t<div class=\"elementor-widget-container\">\n\t\t\t\t\t<div class=\"elementor-spacer\">\n\t\t\t<div class=\"elementor-spacer-inner\"><\/div>\n\t\t<\/div>\n\t\t\t\t<\/div>\n\t\t\t\t<\/div>\n\t\t\t\t<div class=\"elementor-element elementor-element-ef2e163 elementor-widget-divider--view-line elementor-widget elementor-widget-divider\" data-id=\"ef2e163\" data-element_type=\"widget\" data-widget_type=\"divider.default\">\n\t\t\t\t<div class=\"elementor-widget-container\">\n\t\t\t\t\t<div class=\"elementor-divider\">\n\t\t\t<span class=\"elementor-divider-separator\">\n\t\t\t\t\t\t<\/span>\n\t\t<\/div>\n\t\t\t\t<\/div>\n\t\t\t\t<\/div>\n\t\t\t\t<div class=\"elementor-element elementor-element-599801b elementor-widget elementor-widget-heading\" data-id=\"599801b\" data-element_type=\"widget\" data-widget_type=\"heading.default\">\n\t\t\t\t<div class=\"elementor-widget-container\">\n\t\t\t<h2 class=\"elementor-heading-title elementor-size-default\">CONT\u00c1CTANOS PARA EXPLORAR NUEVAS IDEAS<\/h2>\t\t<\/div>\n\t\t\t\t<\/div>\n\t\t\t\t<div class=\"elementor-element elementor-element-55118c9 elementor-widget elementor-widget-heading\" data-id=\"55118c9\" data-element_type=\"widget\" data-widget_type=\"heading.default\">\n\t\t\t\t<div class=\"elementor-widget-container\">\n\t\t\t<h2 class=\"elementor-heading-title elementor-size-default\"><a href=\"mailto:info@soundearthlegacy.org\">info@soundearthlegacy.org<\/a><\/h2>\t\t<\/div>\n\t\t\t\t<\/div>\n\t\t\t\t<div class=\"elementor-element elementor-element-4f82e04 elementor-widget-divider--view-line elementor-widget elementor-widget-divider\" data-id=\"4f82e04\" data-element_type=\"widget\" data-widget_type=\"divider.default\">\n\t\t\t\t<div class=\"elementor-widget-container\">\n\t\t\t\t\t<div class=\"elementor-divider\">\n\t\t\t<span class=\"elementor-divider-separator\">\n\t\t\t\t\t\t<\/span>\n\t\t<\/div>\n\t\t\t\t<\/div>\n\t\t\t\t<\/div>\n\t\t\t\t<div class=\"elementor-element elementor-element-f5973ea elementor-widget elementor-widget-spacer\" data-id=\"f5973ea\" data-element_type=\"widget\" data-widget_type=\"spacer.default\">\n\t\t\t\t<div class=\"elementor-widget-container\">\n\t\t\t\t\t<div class=\"elementor-spacer\">\n\t\t\t<div class=\"elementor-spacer-inner\"><\/div>\n\t\t<\/div>\n\t\t\t\t<\/div>\n\t\t\t\t<\/div>\n\t\t\t\t\t<\/div>\n\t\t<\/div>\n\t\t\t\t\t<\/div>\n\t\t<\/section>\n\t\t\t\t<section class=\"elementor-section elementor-top-section elementor-element elementor-element-dafb1a6 elementor-section-full_width elementor-section-height-default elementor-section-height-default\" data-id=\"dafb1a6\" data-element_type=\"section\">\n\t\t\t\t\t\t<div class=\"elementor-container elementor-column-gap-default\">\n\t\t\t\t\t<div class=\"elementor-column elementor-col-50 elementor-top-column elementor-element elementor-element-25429ef\" data-id=\"25429ef\" data-element_type=\"column\" data-settings=\"{&quot;background_background&quot;:&quot;classic&quot;}\">\n\t\t\t<div class=\"elementor-widget-wrap elementor-element-populated\">\n\t\t\t\t\t\t<div class=\"elementor-element elementor-element-dbf8e53 elementor-widget elementor-widget-image\" data-id=\"dbf8e53\" data-element_type=\"widget\" data-widget_type=\"image.default\">\n\t\t\t\t<div class=\"elementor-widget-container\">\n\t\t\t\t\t\t\t\t\t\t\t\t\t<img fetchpriority=\"high\" decoding=\"async\" width=\"800\" height=\"546\" src=\"https:\/\/soundearthlegacy.org\/wp-content\/uploads\/2021\/03\/SoundEarthLegacy-education-cerqueira-1-1024x699.jpg\" class=\"attachment-large size-large wp-image-2796\" alt=\"\" srcset=\"https:\/\/soundearthlegacy.org\/wp-content\/uploads\/2021\/03\/SoundEarthLegacy-education-cerqueira-1-1024x699.jpg 1024w, https:\/\/soundearthlegacy.org\/wp-content\/uploads\/2021\/03\/SoundEarthLegacy-education-cerqueira-1-300x205.jpg 300w, https:\/\/soundearthlegacy.org\/wp-content\/uploads\/2021\/03\/SoundEarthLegacy-education-cerqueira-1-768x524.jpg 768w, https:\/\/soundearthlegacy.org\/wp-content\/uploads\/2021\/03\/SoundEarthLegacy-education-cerqueira-1-600x410.jpg 600w, https:\/\/soundearthlegacy.org\/wp-content\/uploads\/2021\/03\/SoundEarthLegacy-education-cerqueira-1.jpg 1500w\" sizes=\"(max-width: 800px) 100vw, 800px\" \/>\t\t\t\t\t\t\t\t\t\t\t\t\t<\/div>\n\t\t\t\t<\/div>\n\t\t\t\t\t<\/div>\n\t\t<\/div>\n\t\t\t\t<div class=\"elementor-column elementor-col-50 elementor-top-column elementor-element elementor-element-c336cd9\" data-id=\"c336cd9\" data-element_type=\"column\" data-settings=\"{&quot;background_background&quot;:&quot;classic&quot;}\">\n\t\t\t<div class=\"elementor-widget-wrap elementor-element-populated\">\n\t\t\t\t\t\t<div class=\"elementor-element elementor-element-ad22273 elementor-widget elementor-widget-image\" data-id=\"ad22273\" data-element_type=\"widget\" data-widget_type=\"image.default\">\n\t\t\t\t<div class=\"elementor-widget-container\">\n\t\t\t\t\t\t\t\t\t\t\t\t\t<img decoding=\"async\" width=\"800\" height=\"546\" src=\"https:\/\/soundearthlegacy.org\/wp-content\/uploads\/2021\/03\/Sound-Earth-Legacy-Education-JoelFilipe-1-1024x699.jpg\" class=\"attachment-large size-large wp-image-2798\" alt=\"\" srcset=\"https:\/\/soundearthlegacy.org\/wp-content\/uploads\/2021\/03\/Sound-Earth-Legacy-Education-JoelFilipe-1-1024x699.jpg 1024w, https:\/\/soundearthlegacy.org\/wp-content\/uploads\/2021\/03\/Sound-Earth-Legacy-Education-JoelFilipe-1-300x205.jpg 300w, https:\/\/soundearthlegacy.org\/wp-content\/uploads\/2021\/03\/Sound-Earth-Legacy-Education-JoelFilipe-1-768x524.jpg 768w, https:\/\/soundearthlegacy.org\/wp-content\/uploads\/2021\/03\/Sound-Earth-Legacy-Education-JoelFilipe-1-600x410.jpg 600w, https:\/\/soundearthlegacy.org\/wp-content\/uploads\/2021\/03\/Sound-Earth-Legacy-Education-JoelFilipe-1.jpg 1500w\" sizes=\"(max-width: 800px) 100vw, 800px\" \/>\t\t\t\t\t\t\t\t\t\t\t\t\t<\/div>\n\t\t\t\t<\/div>\n\t\t\t\t\t<\/div>\n\t\t<\/div>\n\t\t\t\t\t<\/div>\n\t\t<\/section>\n\t\t\t\t<\/div>\n\t\t","protected":false},"excerpt":{"rendered":"<p>XR MEDIA Y EDUCACI\u00d3N PARA MEJORAR LA EMPAT\u00cdA ENTRE LOS HUMANOS Y NUESTRO FR\u00c1GIL PLANETA CREAMOS EXPERIENCIAS SONORAS Y MUSICALES INMERSIVAS. EXPLORAMOS NUEVAS FORMAS DE CREAR SENSIBILIZACI\u00d3N MEDIOAMBIENTAL A TRAV\u00c9S DEL SONIDO Y LA M\u00daSICA CON EL FIN DE PROTEGER NUESTRO PATRIMONIO SENSORIAL, ACELERAR PROYECTOS CIENT\u00cdFICOS PIONEROS Y MEJORAR LA SALUD DE LOS ECOSISTEMAS Y [&hellip;]<\/p>\n","protected":false},"author":9,"featured_media":2771,"parent":0,"menu_order":0,"comment_status":"closed","ping_status":"closed","template":"","meta":{"inline_featured_image":false,"footnotes":""},"class_list":["post-3175","page","type-page","status-publish","has-post-thumbnail","hentry"],"yoast_head":"<!-- This site is optimized with the Yoast SEO plugin v24.1 - https:\/\/yoast.com\/wordpress\/plugins\/seo\/ -->\n<title>XR MEDIA y EDUCACI\u00d3N - Sound Earth Legacy<\/title>\n<meta name=\"description\" content=\"PARA MEJORAR LA EMPAT\u00cdA ENTRE LOS HUMANOS Y NUESTRO FR\u00c1GIL PLANETA CREAMOS EXPERIENCIAS SONORAS Y MUSICALES INMERSIVAS.\" \/>\n<meta name=\"robots\" content=\"index, follow, max-snippet:-1, max-image-preview:large, max-video-preview:-1\" \/>\n<link rel=\"canonical\" href=\"https:\/\/soundearthlegacy.org\/es\/xr-media-y-educacion\/\" \/>\n<meta property=\"og:locale\" content=\"es_ES\" \/>\n<meta property=\"og:type\" content=\"article\" \/>\n<meta property=\"og:title\" content=\"XR MEDIA y EDUCACI\u00d3N - Sound Earth Legacy\" \/>\n<meta property=\"og:description\" content=\"PARA MEJORAR LA EMPAT\u00cdA ENTRE LOS HUMANOS Y NUESTRO FR\u00c1GIL PLANETA CREAMOS EXPERIENCIAS SONORAS Y MUSICALES INMERSIVAS.\" \/>\n<meta property=\"og:url\" content=\"https:\/\/soundearthlegacy.org\/es\/xr-media-y-educacion\/\" \/>\n<meta property=\"og:site_name\" content=\"Sound Earth Legacy\" \/>\n<meta property=\"article:publisher\" content=\"https:\/\/www.facebook.com\/SELSoundEarthLegacy\" \/>\n<meta property=\"article:modified_time\" content=\"2021-05-03T14:48:37+00:00\" \/>\n<meta property=\"og:image\" content=\"https:\/\/soundearthlegacy.org\/wp-content\/uploads\/2021\/03\/Sound-Earth-legacy-ImmersiveShows-RobynnHu.jpg\" \/>\n\t<meta property=\"og:image:width\" content=\"2500\" \/>\n\t<meta property=\"og:image:height\" content=\"1668\" \/>\n\t<meta property=\"og:image:type\" content=\"image\/jpeg\" \/>\n<meta name=\"twitter:card\" content=\"summary_large_image\" \/>\n<meta name=\"twitter:label1\" content=\"Tiempo de lectura\" \/>\n\t<meta name=\"twitter:data1\" content=\"1 minuto\" \/>\n<script type=\"application\/ld+json\" class=\"yoast-schema-graph\">{\"@context\":\"https:\/\/schema.org\",\"@graph\":[{\"@type\":\"WebPage\",\"@id\":\"https:\/\/soundearthlegacy.org\/es\/xr-media-y-educacion\/\",\"url\":\"https:\/\/soundearthlegacy.org\/es\/xr-media-y-educacion\/\",\"name\":\"XR MEDIA y EDUCACI\u00d3N - Sound Earth Legacy\",\"isPartOf\":{\"@id\":\"https:\/\/soundearthlegacy.org\/es\/#website\"},\"primaryImageOfPage\":{\"@id\":\"https:\/\/soundearthlegacy.org\/es\/xr-media-y-educacion\/#primaryimage\"},\"image\":{\"@id\":\"https:\/\/soundearthlegacy.org\/es\/xr-media-y-educacion\/#primaryimage\"},\"thumbnailUrl\":\"https:\/\/soundearthlegacy.org\/wp-content\/uploads\/2021\/03\/Sound-Earth-legacy-ImmersiveShows-RobynnHu.jpg\",\"datePublished\":\"2021-03-25T17:01:18+00:00\",\"dateModified\":\"2021-05-03T14:48:37+00:00\",\"description\":\"PARA MEJORAR LA EMPAT\u00cdA ENTRE LOS HUMANOS Y NUESTRO FR\u00c1GIL PLANETA CREAMOS EXPERIENCIAS SONORAS Y MUSICALES INMERSIVAS.\",\"breadcrumb\":{\"@id\":\"https:\/\/soundearthlegacy.org\/es\/xr-media-y-educacion\/#breadcrumb\"},\"inLanguage\":\"es\",\"potentialAction\":[{\"@type\":\"ReadAction\",\"target\":[\"https:\/\/soundearthlegacy.org\/es\/xr-media-y-educacion\/\"]}]},{\"@type\":\"ImageObject\",\"inLanguage\":\"es\",\"@id\":\"https:\/\/soundearthlegacy.org\/es\/xr-media-y-educacion\/#primaryimage\",\"url\":\"https:\/\/soundearthlegacy.org\/wp-content\/uploads\/2021\/03\/Sound-Earth-legacy-ImmersiveShows-RobynnHu.jpg\",\"contentUrl\":\"https:\/\/soundearthlegacy.org\/wp-content\/uploads\/2021\/03\/Sound-Earth-legacy-ImmersiveShows-RobynnHu.jpg\",\"width\":2500,\"height\":1668},{\"@type\":\"BreadcrumbList\",\"@id\":\"https:\/\/soundearthlegacy.org\/es\/xr-media-y-educacion\/#breadcrumb\",\"itemListElement\":[{\"@type\":\"ListItem\",\"position\":1,\"name\":\"Home\",\"item\":\"https:\/\/soundearthlegacy.org\/es\/\"},{\"@type\":\"ListItem\",\"position\":2,\"name\":\"XR MEDIA y EDUCACI\u00d3N\"}]},{\"@type\":\"WebSite\",\"@id\":\"https:\/\/soundearthlegacy.org\/es\/#website\",\"url\":\"https:\/\/soundearthlegacy.org\/es\/\",\"name\":\"Sound Earth Legacy\",\"description\":\"Non-Profit Organization\",\"publisher\":{\"@id\":\"https:\/\/soundearthlegacy.org\/es\/#organization\"},\"potentialAction\":[{\"@type\":\"SearchAction\",\"target\":{\"@type\":\"EntryPoint\",\"urlTemplate\":\"https:\/\/soundearthlegacy.org\/es\/?s={search_term_string}\"},\"query-input\":{\"@type\":\"PropertyValueSpecification\",\"valueRequired\":true,\"valueName\":\"search_term_string\"}}],\"inLanguage\":\"es\"},{\"@type\":\"Organization\",\"@id\":\"https:\/\/soundearthlegacy.org\/es\/#organization\",\"name\":\"Sound Earth Legacy\",\"url\":\"https:\/\/soundearthlegacy.org\/es\/\",\"logo\":{\"@type\":\"ImageObject\",\"inLanguage\":\"es\",\"@id\":\"https:\/\/soundearthlegacy.org\/es\/#\/schema\/logo\/image\/\",\"url\":\"https:\/\/soundearthlegacy.org\/wp-content\/uploads\/2021\/05\/home-sel-logo-2.jpg\",\"contentUrl\":\"https:\/\/soundearthlegacy.org\/wp-content\/uploads\/2021\/05\/home-sel-logo-2.jpg\",\"width\":1000,\"height\":722,\"caption\":\"Sound Earth Legacy\"},\"image\":{\"@id\":\"https:\/\/soundearthlegacy.org\/es\/#\/schema\/logo\/image\/\"},\"sameAs\":[\"https:\/\/www.facebook.com\/SELSoundEarthLegacy\",\"https:\/\/www.instagram.com\/soundearthlegacy\/\",\"https:\/\/www.linkedin.com\/company\/soundearthlegacy\/\"]}]}<\/script>\n<!-- \/ Yoast SEO plugin. -->","yoast_head_json":{"title":"XR MEDIA y EDUCACI\u00d3N - Sound Earth Legacy","description":"PARA MEJORAR LA EMPAT\u00cdA ENTRE LOS HUMANOS Y NUESTRO FR\u00c1GIL PLANETA CREAMOS EXPERIENCIAS SONORAS Y MUSICALES INMERSIVAS.","robots":{"index":"index","follow":"follow","max-snippet":"max-snippet:-1","max-image-preview":"max-image-preview:large","max-video-preview":"max-video-preview:-1"},"canonical":"https:\/\/soundearthlegacy.org\/es\/xr-media-y-educacion\/","og_locale":"es_ES","og_type":"article","og_title":"XR MEDIA y EDUCACI\u00d3N - Sound Earth Legacy","og_description":"PARA MEJORAR LA EMPAT\u00cdA ENTRE LOS HUMANOS Y NUESTRO FR\u00c1GIL PLANETA CREAMOS EXPERIENCIAS SONORAS Y MUSICALES INMERSIVAS.","og_url":"https:\/\/soundearthlegacy.org\/es\/xr-media-y-educacion\/","og_site_name":"Sound Earth Legacy","article_publisher":"https:\/\/www.facebook.com\/SELSoundEarthLegacy","article_modified_time":"2021-05-03T14:48:37+00:00","og_image":[{"width":2500,"height":1668,"url":"https:\/\/soundearthlegacy.org\/wp-content\/uploads\/2021\/03\/Sound-Earth-legacy-ImmersiveShows-RobynnHu.jpg","type":"image\/jpeg"}],"twitter_card":"summary_large_image","twitter_misc":{"Tiempo de lectura":"1 minuto"},"schema":{"@context":"https:\/\/schema.org","@graph":[{"@type":"WebPage","@id":"https:\/\/soundearthlegacy.org\/es\/xr-media-y-educacion\/","url":"https:\/\/soundearthlegacy.org\/es\/xr-media-y-educacion\/","name":"XR MEDIA y EDUCACI\u00d3N - Sound Earth Legacy","isPartOf":{"@id":"https:\/\/soundearthlegacy.org\/es\/#website"},"primaryImageOfPage":{"@id":"https:\/\/soundearthlegacy.org\/es\/xr-media-y-educacion\/#primaryimage"},"image":{"@id":"https:\/\/soundearthlegacy.org\/es\/xr-media-y-educacion\/#primaryimage"},"thumbnailUrl":"https:\/\/soundearthlegacy.org\/wp-content\/uploads\/2021\/03\/Sound-Earth-legacy-ImmersiveShows-RobynnHu.jpg","datePublished":"2021-03-25T17:01:18+00:00","dateModified":"2021-05-03T14:48:37+00:00","description":"PARA MEJORAR LA EMPAT\u00cdA ENTRE LOS HUMANOS Y NUESTRO FR\u00c1GIL PLANETA CREAMOS EXPERIENCIAS SONORAS Y MUSICALES INMERSIVAS.","breadcrumb":{"@id":"https:\/\/soundearthlegacy.org\/es\/xr-media-y-educacion\/#breadcrumb"},"inLanguage":"es","potentialAction":[{"@type":"ReadAction","target":["https:\/\/soundearthlegacy.org\/es\/xr-media-y-educacion\/"]}]},{"@type":"ImageObject","inLanguage":"es","@id":"https:\/\/soundearthlegacy.org\/es\/xr-media-y-educacion\/#primaryimage","url":"https:\/\/soundearthlegacy.org\/wp-content\/uploads\/2021\/03\/Sound-Earth-legacy-ImmersiveShows-RobynnHu.jpg","contentUrl":"https:\/\/soundearthlegacy.org\/wp-content\/uploads\/2021\/03\/Sound-Earth-legacy-ImmersiveShows-RobynnHu.jpg","width":2500,"height":1668},{"@type":"BreadcrumbList","@id":"https:\/\/soundearthlegacy.org\/es\/xr-media-y-educacion\/#breadcrumb","itemListElement":[{"@type":"ListItem","position":1,"name":"Home","item":"https:\/\/soundearthlegacy.org\/es\/"},{"@type":"ListItem","position":2,"name":"XR MEDIA y EDUCACI\u00d3N"}]},{"@type":"WebSite","@id":"https:\/\/soundearthlegacy.org\/es\/#website","url":"https:\/\/soundearthlegacy.org\/es\/","name":"Sound Earth Legacy","description":"Non-Profit Organization","publisher":{"@id":"https:\/\/soundearthlegacy.org\/es\/#organization"},"potentialAction":[{"@type":"SearchAction","target":{"@type":"EntryPoint","urlTemplate":"https:\/\/soundearthlegacy.org\/es\/?s={search_term_string}"},"query-input":{"@type":"PropertyValueSpecification","valueRequired":true,"valueName":"search_term_string"}}],"inLanguage":"es"},{"@type":"Organization","@id":"https:\/\/soundearthlegacy.org\/es\/#organization","name":"Sound Earth Legacy","url":"https:\/\/soundearthlegacy.org\/es\/","logo":{"@type":"ImageObject","inLanguage":"es","@id":"https:\/\/soundearthlegacy.org\/es\/#\/schema\/logo\/image\/","url":"https:\/\/soundearthlegacy.org\/wp-content\/uploads\/2021\/05\/home-sel-logo-2.jpg","contentUrl":"https:\/\/soundearthlegacy.org\/wp-content\/uploads\/2021\/05\/home-sel-logo-2.jpg","width":1000,"height":722,"caption":"Sound Earth Legacy"},"image":{"@id":"https:\/\/soundearthlegacy.org\/es\/#\/schema\/logo\/image\/"},"sameAs":["https:\/\/www.facebook.com\/SELSoundEarthLegacy","https:\/\/www.instagram.com\/soundearthlegacy\/","https:\/\/www.linkedin.com\/company\/soundearthlegacy\/"]}]}},"_links":{"self":[{"href":"https:\/\/soundearthlegacy.org\/es\/wp-json\/wp\/v2\/pages\/3175","targetHints":{"allow":["GET"]}}],"collection":[{"href":"https:\/\/soundearthlegacy.org\/es\/wp-json\/wp\/v2\/pages"}],"about":[{"href":"https:\/\/soundearthlegacy.org\/es\/wp-json\/wp\/v2\/types\/page"}],"author":[{"embeddable":true,"href":"https:\/\/soundearthlegacy.org\/es\/wp-json\/wp\/v2\/users\/9"}],"replies":[{"embeddable":true,"href":"https:\/\/soundearthlegacy.org\/es\/wp-json\/wp\/v2\/comments?post=3175"}],"version-history":[{"count":8,"href":"https:\/\/soundearthlegacy.org\/es\/wp-json\/wp\/v2\/pages\/3175\/revisions"}],"predecessor-version":[{"id":4758,"href":"https:\/\/soundearthlegacy.org\/es\/wp-json\/wp\/v2\/pages\/3175\/revisions\/4758"}],"wp:featuredmedia":[{"embeddable":true,"href":"https:\/\/soundearthlegacy.org\/es\/wp-json\/wp\/v2\/media\/2771"}],"wp:attachment":[{"href":"https:\/\/soundearthlegacy.org\/es\/wp-json\/wp\/v2\/media?parent=3175"}],"curies":[{"name":"wp","href":"https:\/\/api.w.org\/{rel}","templated":true}]}}