{"id":3255,"date":"2021-03-29T09:47:19","date_gmt":"2021-03-29T09:47:19","guid":{"rendered":"https:\/\/soundearthlegacy.org\/?page_id=3255"},"modified":"2021-05-03T11:43:36","modified_gmt":"2021-05-03T11:43:36","slug":"politica-de-cookies","status":"publish","type":"page","link":"https:\/\/soundearthlegacy.org\/es\/politica-de-cookies\/","title":{"rendered":"Pol\u00edtica de cookies"},"content":{"rendered":"\t\t<div data-elementor-type=\"wp-page\" data-elementor-id=\"3255\" class=\"elementor elementor-3255 elementor-2099\" data-elementor-post-type=\"page\">\n\t\t\t\t\t\t<section class=\"elementor-section elementor-top-section elementor-element elementor-element-8aeeb08 elementor-section-boxed elementor-section-height-default elementor-section-height-default\" data-id=\"8aeeb08\" data-element_type=\"section\">\n\t\t\t\t\t\t<div class=\"elementor-container elementor-column-gap-default\">\n\t\t\t\t\t<div class=\"elementor-column elementor-col-100 elementor-top-column elementor-element elementor-element-0a9f90a\" data-id=\"0a9f90a\" data-element_type=\"column\">\n\t\t\t<div class=\"elementor-widget-wrap elementor-element-populated\">\n\t\t\t\t\t\t<div class=\"elementor-element elementor-element-ad428c5 elementor-widget elementor-widget-spacer\" data-id=\"ad428c5\" data-element_type=\"widget\" data-widget_type=\"spacer.default\">\n\t\t\t\t<div class=\"elementor-widget-container\">\n\t\t\t\t\t<div class=\"elementor-spacer\">\n\t\t\t<div class=\"elementor-spacer-inner\"><\/div>\n\t\t<\/div>\n\t\t\t\t<\/div>\n\t\t\t\t<\/div>\n\t\t\t\t<div class=\"elementor-element elementor-element-81f53e0 elementor-widget elementor-widget-heading\" data-id=\"81f53e0\" data-element_type=\"widget\" data-widget_type=\"heading.default\">\n\t\t\t\t<div class=\"elementor-widget-container\">\n\t\t\t<h2 class=\"elementor-heading-title elementor-size-default\">Cookie policy<\/h2>\t\t<\/div>\n\t\t\t\t<\/div>\n\t\t\t\t\t<\/div>\n\t\t<\/div>\n\t\t\t\t\t<\/div>\n\t\t<\/section>\n\t\t\t\t<section class=\"elementor-section elementor-top-section elementor-element elementor-element-675d45fe elementor-section-boxed elementor-section-height-default elementor-section-height-default\" data-id=\"675d45fe\" data-element_type=\"section\">\n\t\t\t\t\t\t<div class=\"elementor-container elementor-column-gap-default\">\n\t\t\t\t\t<div class=\"elementor-column elementor-col-100 elementor-top-column elementor-element elementor-element-5fbdce54\" data-id=\"5fbdce54\" data-element_type=\"column\">\n\t\t\t<div class=\"elementor-widget-wrap elementor-element-populated\">\n\t\t\t\t\t\t<div class=\"elementor-element elementor-element-273dc43e elementor-widget elementor-widget-text-editor\" data-id=\"273dc43e\" data-element_type=\"widget\" data-widget_type=\"text-editor.default\">\n\t\t\t\t<div class=\"elementor-widget-container\">\n\t\t\t\t\t\t\t<h3><b>\u00bfQu\u00e9 es una cookie?<\/b><\/h3><p><span style=\"font-weight: 400;\">Una Cookie es un fichero que se descarga en su ordenador al acceder a determinadas p\u00e1ginas web. Las cookies permiten a una p\u00e1gina web, entre otras, almacenar y recuperar informaci\u00f3n sobre los h\u00e1bitos de navegaci\u00f3n de un usuario o de su equipo y, dependiendo de la informaci\u00f3n que contengan y de la forma que se utilice su equipo, pueden utilizarse para reconocer al usuario. El navegador del usuario memoriza cookies en el disco duro solamente durante la sesi\u00f3n actual, ocupando un espacio de memoria m\u00ednimo y no perjudicando al ordenador. Las cookies no contienen ninguna clase de informaci\u00f3n personal espec\u00edfica, y la mayor\u00eda de las mismas se borran del disco duro al finalizar la sesi\u00f3n de navegador (las denominadas cookies de sesi\u00f3n).<\/span><\/p><p><span style=\"font-weight: 400;\">La mayor\u00eda de los navegadores aceptan como est\u00e1ndar a las cookies y, con independencia de las mismas, permiten o impiden en los ajustes de seguridad las cookies temporales o memorizadas.<\/span><\/p><p><span style=\"font-weight: 400;\">Sin su consentimiento -mediante la activaci\u00f3n de las cookies en su navegador- Sound Earth Legacy no enlazar\u00e1 en las cookies los datos memorizados con sus datos personales proporcionados en el momento del registro o la compra.<\/span><\/p><h3><b>\u00bfPor qu\u00e9 Sound Earth Legacy utiliza Cookies?<\/b><\/h3><p><span style=\"font-weight: 400;\">Las Cookies son una parte importante de c\u00f3mo funciona nuestro sitio web. La funci\u00f3n principal de nuestras Cookies es mejorar la experiencia del usuario en la navegaci\u00f3n. Por ejemplo, pueden ser utilizadas para recordar el idioma que utiliza durante la navegaci\u00f3n y en futuras visitas.<\/span><\/p><h3><b>\u00bfQu\u00e9 tipo de cookies existen?<\/b><\/h3><ul><li style=\"font-weight: 400;\" aria-level=\"1\"><span style=\"font-weight: 400;\">Cookies t\u00e9cnicas: Son aquellas que permiten al usuario la navegaci\u00f3n a trav\u00e9s de una p\u00e1gina web, plataforma o aplicaci\u00f3n y la utilizaci\u00f3n de las diferentes opciones o servicios que en ella existan como, por ejemplo, controlar el tr\u00e1fico y la comunicaci\u00f3n de datos, identificar la sesi\u00f3n, acceder a partes de acceso restringido, recordar los elementos que integran un pedido, realizar el proceso de compra de un pedido, realizar la solicitud de inscripci\u00f3n o participaci\u00f3n de un evento, utilizar elementos de seguridad durante la navegaci\u00f3n, almacenar contenidos para la difusi\u00f3n de videos o sonido o compartir contenidos a trav\u00e9s de redes sociales.<\/span><\/li><li style=\"font-weight: 400;\" aria-level=\"1\"><span style=\"font-weight: 400;\">Cookies de sesi\u00f3n: Recaban y almacenan datos durante la sesi\u00f3n del usuario, como por ejemplo para prestar un servicio. Se eliminan cuando finaliza la sesi\u00f3n.<\/span><\/li><li style=\"font-weight: 400;\" aria-level=\"1\"><span style=\"font-weight: 400;\">Cookies de personalizaci\u00f3n: Son aquellas que permiten al usuario acceder al servicio con algunas caracter\u00edsticas de car\u00e1cter general predefinidas en funci\u00f3n de una serie de criterios en el terminal del usuario como por ejemplo el idioma, el tipo de navegador a trav\u00e9s del cual accede al servicio, la configuraci\u00f3n regional desde donde accede al servicio, etc.<\/span><\/li><li style=\"font-weight: 400;\" aria-level=\"1\"><span style=\"font-weight: 400;\">Cookies de an\u00e1lisis: Son aquellas que bien tratadas por nosotros o por terceros, nos permiten cuantificar en n\u00famero de usuarios y as\u00ed realizar la medici\u00f3n y an\u00e1lisis estad\u00edstico de la utilizaci\u00f3n que hacen los usuarios del servicio ofertado. Para ello se analiza su navegaci\u00f3n en nuestra p\u00e1gina web con el fin de mejorar la oferta de productos o servicios que le ofrecemos.<\/span><\/li><li style=\"font-weight: 400;\" aria-level=\"1\"><span style=\"font-weight: 400;\">Cookies publicitarias: Son aquellas que, bien tratadas por nosotros o por terceros, nos permiten gestionar de la forma m\u00e1s eficaz posible la oferta de los espacios publicitarios que hay en la p\u00e1gina web, adecuando el contenido del anuncio al contenido del servicio solicitado o al uso que realice de nuestra p\u00e1gina web. Para ello podemos analizar sus h\u00e1bitos de navegaci\u00f3n en internet y podemos mostrarle publicidad relacionada con su perfil de navegaci\u00f3n.<\/span><\/li><li style=\"font-weight: 400;\" aria-level=\"1\"><span style=\"font-weight: 400;\">Cookies de publicidad comportamental: Son aqu\u00e9llas que permiten la gesti\u00f3n, de la forma m\u00e1s eficaz posible, de los espacios publicitarios que, en su caso, el editor haya incluido en una p\u00e1gina web, aplicaci\u00f3n o plataforma desde la que presta el servicio solicitado. Estas cookies almacenan informaci\u00f3n del comportamiento de los usuarios obtenidas a trav\u00e9s de la observaci\u00f3n continuada de sus h\u00e1bitos de navegaci\u00f3n, lo que permite desarrollar un perfil espec\u00edfico para mostrar publicidad en funci\u00f3n del mismo.<\/span><\/li><\/ul><h3><b>\u00bfQu\u00e9 son las cookies propias y las de terceros?<\/b><\/h3><ul><li style=\"font-weight: 400;\" aria-level=\"1\"><span style=\"font-weight: 400;\">Cookies propias: Son aquellas que se env\u00edan al usuario desde un equipo o dominio gestionado por nosotros.<\/span><\/li><li style=\"font-weight: 400;\" aria-level=\"1\"><span style=\"font-weight: 400;\">Cookies de terceros: Ser\u00edan las generadas por servicios o proveedores externos como Facebook, Twitter, Google, etc.<\/span><\/li><\/ul><h3><b>\u00bfQu\u00e9 ocurre si desactivo las cookies?<\/b><\/h3><p><span style=\"font-weight: 400;\">No podr\u00e1 compartir contenidos de esa web en Facebook, Twitter o cualquier otra red social.<\/span><\/p><p><span style=\"font-weight: 400;\">El sitio web no podr\u00e1 adaptar los contenidos a sus preferencias personales.<\/span><\/p><p><span style=\"font-weight: 400;\">No ser\u00e1 posible personalizar sus preferencias geogr\u00e1ficas como franja horaria, divisa o idioma.<\/span><\/p><p><span style=\"font-weight: 400;\">El sitio web no podr\u00e1 realizar anal\u00edticas web sobre visitantes y tr\u00e1fico en la web, lo que dificultar\u00e1 que la web sea competitiva.<\/span><\/p><p><span style=\"font-weight: 400;\">Todas las redes sociales usan cookies, si las desactiva no podr\u00e1 utilizar ninguna red social.<\/span><\/p><h3><b>\u00bfSe pueden desactivar o eliminar las cookies?<\/b><\/h3><p><span style=\"font-weight: 400;\">Usted puede rechazar el tratamiento de los datos o informaci\u00f3n recogidos por las cookies en cualquier momento, mediante la configuraci\u00f3n de las opciones de su navegador de Internet. Puede permitir, bloquear (de forma general o particular para un dominio espec\u00edfico) o eliminar las cookies instaladas en su equipo.<\/span><\/p><p><span style=\"font-weight: 400;\">Para m\u00e1s informaci\u00f3n sobre Firefox pulse aqu\u00ed:<\/span><\/p><p><a href=\"http:\/\/support.mozilla.org\/es\/kb\/cookies-informacion-que-los-sitios-web-guardan-en-#w_configurar-las-cookies\"><span style=\"font-weight: 400;\">http:\/\/support.mozilla.org\/es\/kb\/cookies-informacion-que-los-sitios-web-guardan-en-#w_configurar-las-cookies<\/span><\/a><\/p><p><span style=\"font-weight: 400;\">Para m\u00e1s informaci\u00f3n sobre Chrome pulse aqu\u00ed:<\/span><\/p><p><a href=\"http:\/\/support.google.com\/chrome\/bin\/answer.py?hl=es&amp;answer=95647\"><span style=\"font-weight: 400;\">http:\/\/support.google.com\/chrome\/bin\/answer.py?hl=es&amp;answer=95647<\/span><\/a><\/p><p><span style=\"font-weight: 400;\">Para m\u00e1s informaci\u00f3n sobre Explorer pulse aqu\u00ed:<\/span><\/p><p><a href=\"https:\/\/support.microsoft.com\/es-es\/help\/17442\/windows-internet-explorer-delete-manage-cookies\"><span style=\"font-weight: 400;\">https:\/\/support.microsoft.com\/es-es\/help\/17442\/windows-internet-explorer-delete-manage-cookies<\/span><\/a><\/p><p><span style=\"font-weight: 400;\">Para m\u00e1s informaci\u00f3n sobre Safari pulse aqu\u00ed:<\/span><\/p><p><a href=\"http:\/\/support.apple.com\/kb\/ph5042\"><span style=\"font-weight: 400;\">http:\/\/support.apple.com\/kb\/ph5042<\/span><\/a><\/p><p><span style=\"font-weight: 400;\">Para m\u00e1s informaci\u00f3n sobre Opera pulse aqu\u00ed:<\/span><\/p><p><a href=\"http:\/\/help.opera.com\/Windows\/11.50\/esES\/cookies.html\"><span style=\"font-weight: 400;\">http:\/\/help.opera.com\/Windows\/11.50\/esES\/cookies.html<\/span><\/a><\/p><h3><b>Cookies utilizadas en este sitio web<\/b><\/h3><p><span style=\"font-weight: 400;\">Siguiendo las directrices de la Agencia Espa\u00f1ola de Protecci\u00f3n de Datos procedemos a detallar el uso de cookies que hace esta web con el fin de informarle con la m\u00e1xima exactitud posible.<\/span><\/p><p><span style=\"font-weight: 400;\">Este sitio web utiliza las siguientes cookies propias:<\/span><\/p><ul><li style=\"font-weight: 400;\" aria-level=\"1\"><span style=\"font-weight: 400;\">Cookies de sesi\u00f3n, para garantizar que los usuarios que escriban comentarios en el blog sean humanos y no aplicaciones automatizadas. De esta forma se combate el spam.<\/span><\/li><\/ul><p><span style=\"font-weight: 400;\">Este sitio web utiliza las siguientes cookies de terceros:<\/span><\/p><ul><li style=\"font-weight: 400;\" aria-level=\"1\"><span style=\"font-weight: 400;\">Google Analytics: Almacena cookies para poder elaborar estad\u00edsticas sobre el tr\u00e1fico y volumen de visitas de esta web. Al utilizar este sitio web est\u00e1 consintiendo el tratamiento de informaci\u00f3n acerca de usted por Google. Por tanto, el ejercicio de cualquier derecho en este sentido deber\u00e1 hacerlo comunicando directamente con Google.<\/span><\/li><li style=\"font-weight: 400;\" aria-level=\"1\"><span style=\"font-weight: 400;\">Redes sociales: Cada red social utiliza sus propias cookies para que usted pueda pinchar en botones del tipo Me gusta o Compartir.<\/span><\/li><\/ul><h3><b>Notas adicionales<\/b><\/h3><p><span style=\"font-weight: 400;\">Ni esta web ni sus representantes legales se hacen responsables ni del contenido ni de la veracidad de las pol\u00edticas de privacidad que puedan tener los terceros mencionados en esta pol\u00edtica de cookies.<\/span><\/p><p><span style=\"font-weight: 400;\">Los navegadores web son las herramientas encargadas de almacenar las cookies y desde este lugar debe efectuar su derecho a eliminaci\u00f3n o desactivaci\u00f3n de las mismas. Ni esta web ni sus representantes legales pueden garantizar la correcta o incorrecta manipulaci\u00f3n de las cookies por parte de los mencionados navegadores.<\/span><\/p><p><span style=\"font-weight: 400;\">En algunos casos es necesario instalar cookies para que el navegador no olvide su decisi\u00f3n de no aceptaci\u00f3n de las mismas.<\/span><\/p><p><span style=\"font-weight: 400;\">En el caso de las cookies de Google Analytics, esta empresa almacena las cookies en servidores ubicados en Estados Unidos y se compromete a no compartirla con terceros, excepto en los casos en los que sea necesario para el funcionamiento del sistema o cuando la ley obligue a tal efecto. Seg\u00fan Google no guarda su direcci\u00f3n IP. Google Inc. es una compa\u00f1\u00eda adherida al Acuerdo de Puerto Seguro que garantiza que todos los datos transferidos ser\u00e1n tratados con un nivel de protecci\u00f3n acorde a la normativa europea. Puede consultar informaci\u00f3n detallada a este respecto en este enlace. Si desea informaci\u00f3n sobre el uso que Google da a las cookies le adjuntamos este otro enlace.<\/span><\/p><p><span style=\"font-weight: 400;\">Para cualquier duda o consulta acerca de esta pol\u00edtica de cookies no dude en comunicarse con nosotros a trav\u00e9s de la secci\u00f3n de contacto.<\/span><\/p><h3><b>El usuario acepta expresamente, por la utilizaci\u00f3n de este Site,<\/b><\/h3><h3><b>el tratamiento de la informaci\u00f3n recabada en la forma<\/b><\/h3><h3><b>y con los fines anteriormente mencionados.<\/b><\/h3><p><span style=\"font-weight: 400;\">Y de la misma forma reconoce la posibilidad de rechazar el tratamiento de los datos o informaci\u00f3n, rechazando el uso de las cookies mediante la selecci\u00f3n de la configuraci\u00f3n apropiada a tal fin en su navegador. Si bien esta opci\u00f3n de bloqueo de Cookies en su navegador puede no permitirle el uso pleno de todas las funcionalidades del Website.<\/span><\/p>\t\t\t\t\t\t<\/div>\n\t\t\t\t<\/div>\n\t\t\t\t\t<\/div>\n\t\t<\/div>\n\t\t\t\t\t<\/div>\n\t\t<\/section>\n\t\t\t\t<\/div>\n\t\t","protected":false},"excerpt":{"rendered":"<p>Cookie policy \u00bfQu\u00e9 es una cookie? Una Cookie es un fichero que se descarga en su ordenador al acceder a determinadas p\u00e1ginas web. Las cookies permiten a una p\u00e1gina web, entre otras, almacenar y recuperar informaci\u00f3n sobre los h\u00e1bitos de navegaci\u00f3n de un usuario o de su equipo y, dependiendo de la informaci\u00f3n que contengan [&hellip;]<\/p>\n","protected":false},"author":9,"featured_media":0,"parent":0,"menu_order":0,"comment_status":"closed","ping_status":"closed","template":"","meta":{"inline_featured_image":false,"footnotes":""},"class_list":["post-3255","page","type-page","status-publish","hentry"],"yoast_head":"<!-- This site is optimized with the Yoast SEO plugin v24.1 - https:\/\/yoast.com\/wordpress\/plugins\/seo\/ -->\n<title>Pol\u00edtica de cookies - Sound Earth Legacy<\/title>\n<meta name=\"robots\" content=\"noindex, nofollow\" \/>\n<meta property=\"og:locale\" content=\"es_ES\" \/>\n<meta property=\"og:type\" content=\"article\" \/>\n<meta property=\"og:title\" content=\"Pol\u00edtica de cookies - Sound Earth Legacy\" \/>\n<meta property=\"og:description\" content=\"Cookie policy \u00bfQu\u00e9 es una cookie? Una Cookie es un fichero que se descarga en su ordenador al acceder a determinadas p\u00e1ginas web. Las cookies permiten a una p\u00e1gina web, entre otras, almacenar y recuperar informaci\u00f3n sobre los h\u00e1bitos de navegaci\u00f3n de un usuario o de su equipo y, dependiendo de la informaci\u00f3n que contengan [&hellip;]\" \/>\n<meta property=\"og:url\" content=\"https:\/\/soundearthlegacy.org\/es\/politica-de-cookies\/\" \/>\n<meta property=\"og:site_name\" content=\"Sound Earth Legacy\" \/>\n<meta property=\"article:publisher\" content=\"https:\/\/www.facebook.com\/SELSoundEarthLegacy\" \/>\n<meta property=\"article:modified_time\" content=\"2021-05-03T11:43:36+00:00\" \/>\n<meta name=\"twitter:card\" content=\"summary_large_image\" \/>\n<meta name=\"twitter:label1\" content=\"Tiempo de lectura\" \/>\n\t<meta name=\"twitter:data1\" content=\"6 minutos\" \/>\n<script type=\"application\/ld+json\" class=\"yoast-schema-graph\">{\"@context\":\"https:\/\/schema.org\",\"@graph\":[{\"@type\":\"WebPage\",\"@id\":\"https:\/\/soundearthlegacy.org\/es\/politica-de-cookies\/\",\"url\":\"https:\/\/soundearthlegacy.org\/es\/politica-de-cookies\/\",\"name\":\"Pol\u00edtica de cookies - Sound Earth Legacy\",\"isPartOf\":{\"@id\":\"https:\/\/soundearthlegacy.org\/es\/#website\"},\"datePublished\":\"2021-03-29T09:47:19+00:00\",\"dateModified\":\"2021-05-03T11:43:36+00:00\",\"breadcrumb\":{\"@id\":\"https:\/\/soundearthlegacy.org\/es\/politica-de-cookies\/#breadcrumb\"},\"inLanguage\":\"es\",\"potentialAction\":[{\"@type\":\"ReadAction\",\"target\":[\"https:\/\/soundearthlegacy.org\/es\/politica-de-cookies\/\"]}]},{\"@type\":\"BreadcrumbList\",\"@id\":\"https:\/\/soundearthlegacy.org\/es\/politica-de-cookies\/#breadcrumb\",\"itemListElement\":[{\"@type\":\"ListItem\",\"position\":1,\"name\":\"Home\",\"item\":\"https:\/\/soundearthlegacy.org\/es\/\"},{\"@type\":\"ListItem\",\"position\":2,\"name\":\"Pol\u00edtica de cookies\"}]},{\"@type\":\"WebSite\",\"@id\":\"https:\/\/soundearthlegacy.org\/es\/#website\",\"url\":\"https:\/\/soundearthlegacy.org\/es\/\",\"name\":\"Sound Earth Legacy\",\"description\":\"Non-Profit Organization\",\"publisher\":{\"@id\":\"https:\/\/soundearthlegacy.org\/es\/#organization\"},\"potentialAction\":[{\"@type\":\"SearchAction\",\"target\":{\"@type\":\"EntryPoint\",\"urlTemplate\":\"https:\/\/soundearthlegacy.org\/es\/?s={search_term_string}\"},\"query-input\":{\"@type\":\"PropertyValueSpecification\",\"valueRequired\":true,\"valueName\":\"search_term_string\"}}],\"inLanguage\":\"es\"},{\"@type\":\"Organization\",\"@id\":\"https:\/\/soundearthlegacy.org\/es\/#organization\",\"name\":\"Sound Earth Legacy\",\"url\":\"https:\/\/soundearthlegacy.org\/es\/\",\"logo\":{\"@type\":\"ImageObject\",\"inLanguage\":\"es\",\"@id\":\"https:\/\/soundearthlegacy.org\/es\/#\/schema\/logo\/image\/\",\"url\":\"https:\/\/soundearthlegacy.org\/wp-content\/uploads\/2021\/05\/home-sel-logo-2.jpg\",\"contentUrl\":\"https:\/\/soundearthlegacy.org\/wp-content\/uploads\/2021\/05\/home-sel-logo-2.jpg\",\"width\":1000,\"height\":722,\"caption\":\"Sound Earth Legacy\"},\"image\":{\"@id\":\"https:\/\/soundearthlegacy.org\/es\/#\/schema\/logo\/image\/\"},\"sameAs\":[\"https:\/\/www.facebook.com\/SELSoundEarthLegacy\",\"https:\/\/www.instagram.com\/soundearthlegacy\/\",\"https:\/\/www.linkedin.com\/company\/soundearthlegacy\/\"]}]}<\/script>\n<!-- \/ Yoast SEO plugin. -->","yoast_head_json":{"title":"Pol\u00edtica de cookies - Sound Earth Legacy","robots":{"index":"noindex","follow":"nofollow"},"og_locale":"es_ES","og_type":"article","og_title":"Pol\u00edtica de cookies - Sound Earth Legacy","og_description":"Cookie policy \u00bfQu\u00e9 es una cookie? Una Cookie es un fichero que se descarga en su ordenador al acceder a determinadas p\u00e1ginas web. Las cookies permiten a una p\u00e1gina web, entre otras, almacenar y recuperar informaci\u00f3n sobre los h\u00e1bitos de navegaci\u00f3n de un usuario o de su equipo y, dependiendo de la informaci\u00f3n que contengan [&hellip;]","og_url":"https:\/\/soundearthlegacy.org\/es\/politica-de-cookies\/","og_site_name":"Sound Earth Legacy","article_publisher":"https:\/\/www.facebook.com\/SELSoundEarthLegacy","article_modified_time":"2021-05-03T11:43:36+00:00","twitter_card":"summary_large_image","twitter_misc":{"Tiempo de lectura":"6 minutos"},"schema":{"@context":"https:\/\/schema.org","@graph":[{"@type":"WebPage","@id":"https:\/\/soundearthlegacy.org\/es\/politica-de-cookies\/","url":"https:\/\/soundearthlegacy.org\/es\/politica-de-cookies\/","name":"Pol\u00edtica de cookies - Sound Earth Legacy","isPartOf":{"@id":"https:\/\/soundearthlegacy.org\/es\/#website"},"datePublished":"2021-03-29T09:47:19+00:00","dateModified":"2021-05-03T11:43:36+00:00","breadcrumb":{"@id":"https:\/\/soundearthlegacy.org\/es\/politica-de-cookies\/#breadcrumb"},"inLanguage":"es","potentialAction":[{"@type":"ReadAction","target":["https:\/\/soundearthlegacy.org\/es\/politica-de-cookies\/"]}]},{"@type":"BreadcrumbList","@id":"https:\/\/soundearthlegacy.org\/es\/politica-de-cookies\/#breadcrumb","itemListElement":[{"@type":"ListItem","position":1,"name":"Home","item":"https:\/\/soundearthlegacy.org\/es\/"},{"@type":"ListItem","position":2,"name":"Pol\u00edtica de cookies"}]},{"@type":"WebSite","@id":"https:\/\/soundearthlegacy.org\/es\/#website","url":"https:\/\/soundearthlegacy.org\/es\/","name":"Sound Earth Legacy","description":"Non-Profit Organization","publisher":{"@id":"https:\/\/soundearthlegacy.org\/es\/#organization"},"potentialAction":[{"@type":"SearchAction","target":{"@type":"EntryPoint","urlTemplate":"https:\/\/soundearthlegacy.org\/es\/?s={search_term_string}"},"query-input":{"@type":"PropertyValueSpecification","valueRequired":true,"valueName":"search_term_string"}}],"inLanguage":"es"},{"@type":"Organization","@id":"https:\/\/soundearthlegacy.org\/es\/#organization","name":"Sound Earth Legacy","url":"https:\/\/soundearthlegacy.org\/es\/","logo":{"@type":"ImageObject","inLanguage":"es","@id":"https:\/\/soundearthlegacy.org\/es\/#\/schema\/logo\/image\/","url":"https:\/\/soundearthlegacy.org\/wp-content\/uploads\/2021\/05\/home-sel-logo-2.jpg","contentUrl":"https:\/\/soundearthlegacy.org\/wp-content\/uploads\/2021\/05\/home-sel-logo-2.jpg","width":1000,"height":722,"caption":"Sound Earth Legacy"},"image":{"@id":"https:\/\/soundearthlegacy.org\/es\/#\/schema\/logo\/image\/"},"sameAs":["https:\/\/www.facebook.com\/SELSoundEarthLegacy","https:\/\/www.instagram.com\/soundearthlegacy\/","https:\/\/www.linkedin.com\/company\/soundearthlegacy\/"]}]}},"_links":{"self":[{"href":"https:\/\/soundearthlegacy.org\/es\/wp-json\/wp\/v2\/pages\/3255","targetHints":{"allow":["GET"]}}],"collection":[{"href":"https:\/\/soundearthlegacy.org\/es\/wp-json\/wp\/v2\/pages"}],"about":[{"href":"https:\/\/soundearthlegacy.org\/es\/wp-json\/wp\/v2\/types\/page"}],"author":[{"embeddable":true,"href":"https:\/\/soundearthlegacy.org\/es\/wp-json\/wp\/v2\/users\/9"}],"replies":[{"embeddable":true,"href":"https:\/\/soundearthlegacy.org\/es\/wp-json\/wp\/v2\/comments?post=3255"}],"version-history":[{"count":5,"href":"https:\/\/soundearthlegacy.org\/es\/wp-json\/wp\/v2\/pages\/3255\/revisions"}],"predecessor-version":[{"id":4714,"href":"https:\/\/soundearthlegacy.org\/es\/wp-json\/wp\/v2\/pages\/3255\/revisions\/4714"}],"wp:attachment":[{"href":"https:\/\/soundearthlegacy.org\/es\/wp-json\/wp\/v2\/media?parent=3255"}],"curies":[{"name":"wp","href":"https:\/\/api.w.org\/{rel}","templated":true}]}}