{"id":3260,"date":"2021-03-29T10:11:03","date_gmt":"2021-03-29T10:11:03","guid":{"rendered":"https:\/\/soundearthlegacy.org\/?page_id=3260"},"modified":"2021-05-03T11:45:16","modified_gmt":"2021-05-03T11:45:16","slug":"terminos-y-condiciones-de-uso","status":"publish","type":"page","link":"https:\/\/soundearthlegacy.org\/es\/terminos-y-condiciones-de-uso\/","title":{"rendered":"T\u00e9rminos y condiciones de uso"},"content":{"rendered":"\t\t<div data-elementor-type=\"wp-page\" data-elementor-id=\"3260\" class=\"elementor elementor-3260 elementor-2103\" data-elementor-post-type=\"page\">\n\t\t\t\t\t\t<section class=\"elementor-section elementor-top-section elementor-element elementor-element-e2fd7ed elementor-section-boxed elementor-section-height-default elementor-section-height-default\" data-id=\"e2fd7ed\" data-element_type=\"section\">\n\t\t\t\t\t\t<div class=\"elementor-container elementor-column-gap-default\">\n\t\t\t\t\t<div class=\"elementor-column elementor-col-100 elementor-top-column elementor-element elementor-element-50e5f7b\" data-id=\"50e5f7b\" data-element_type=\"column\">\n\t\t\t<div class=\"elementor-widget-wrap elementor-element-populated\">\n\t\t\t\t\t\t<div class=\"elementor-element elementor-element-7281a38 elementor-widget elementor-widget-spacer\" data-id=\"7281a38\" data-element_type=\"widget\" data-widget_type=\"spacer.default\">\n\t\t\t\t<div class=\"elementor-widget-container\">\n\t\t\t\t\t<div class=\"elementor-spacer\">\n\t\t\t<div class=\"elementor-spacer-inner\"><\/div>\n\t\t<\/div>\n\t\t\t\t<\/div>\n\t\t\t\t<\/div>\n\t\t\t\t\t<\/div>\n\t\t<\/div>\n\t\t\t\t\t<\/div>\n\t\t<\/section>\n\t\t\t\t<section class=\"elementor-section elementor-top-section elementor-element elementor-element-bae5531 elementor-section-boxed elementor-section-height-default elementor-section-height-default\" data-id=\"bae5531\" data-element_type=\"section\">\n\t\t\t\t\t\t<div class=\"elementor-container elementor-column-gap-default\">\n\t\t\t\t\t<div class=\"elementor-column elementor-col-100 elementor-top-column elementor-element elementor-element-e585e58\" data-id=\"e585e58\" data-element_type=\"column\">\n\t\t\t<div class=\"elementor-widget-wrap elementor-element-populated\">\n\t\t\t\t\t\t<div class=\"elementor-element elementor-element-6ec4026 elementor-widget elementor-widget-heading\" data-id=\"6ec4026\" data-element_type=\"widget\" data-widget_type=\"heading.default\">\n\t\t\t\t<div class=\"elementor-widget-container\">\n\t\t\t<h2 class=\"elementor-heading-title elementor-size-default\">T\u00e9rminos y condiciones de uso<\/h2>\t\t<\/div>\n\t\t\t\t<\/div>\n\t\t\t\t\t<\/div>\n\t\t<\/div>\n\t\t\t\t\t<\/div>\n\t\t<\/section>\n\t\t\t\t<section class=\"elementor-section elementor-top-section elementor-element elementor-element-3bfbfe7d elementor-section-boxed elementor-section-height-default elementor-section-height-default\" data-id=\"3bfbfe7d\" data-element_type=\"section\">\n\t\t\t\t\t\t<div class=\"elementor-container elementor-column-gap-default\">\n\t\t\t\t\t<div class=\"elementor-column elementor-col-100 elementor-top-column elementor-element elementor-element-4d8198ec\" data-id=\"4d8198ec\" data-element_type=\"column\">\n\t\t\t<div class=\"elementor-widget-wrap elementor-element-populated\">\n\t\t\t\t\t\t<div class=\"elementor-element elementor-element-7cea8de2 elementor-widget elementor-widget-text-editor\" data-id=\"7cea8de2\" data-element_type=\"widget\" data-widget_type=\"text-editor.default\">\n\t\t\t\t<div class=\"elementor-widget-container\">\n\t\t\t\t\t\t\t<h3><b>Introducci\u00f3n<\/b><\/h3><p><span style=\"font-weight: 400;\">El presente documento, as\u00ed como los mencionados en \u00e9l, establece las condiciones por las que se rige el uso de la siguiente p\u00e1gina web (en adelante, las \u00abCondiciones\u00bb): <\/span><a href=\"https:\/\/www.openarms.es\/\"><span style=\"font-weight: 400;\">https:\/\/www.<\/span><\/a><span style=\"font-weight: 400;\">soundearthlegacy.org<\/span><\/p><p><span style=\"font-weight: 400;\">Le rogamos que lean atentamente las presentes Condiciones, nuestra Pol\u00edtica de Cookies y nuestra Pol\u00edtica de Privacidad (conjuntamente, las \u201cPol\u00edticas de Protecci\u00f3n de Datos\u201d) antes de usar esta p\u00e1gina web. Al utilizar estas p\u00e1ginas webs usted consiente expresamente quedar vinculado por estas Condiciones y por nuestras Pol\u00edticas de Protecci\u00f3n de Datos, por lo que, si no est\u00e1 usted de acuerdo con todas las Condiciones y con las Pol\u00edticas de Protecci\u00f3n de Datos, no debe usar esta p\u00e1gina web. Si tiene alguna pregunta relacionada con las Condiciones o las Pol\u00edticas de Protecci\u00f3n de Datos puede ponerse en contacto con nosotros a trav\u00e9s de nuestro formulario de contacto. El contrato podr\u00e1 formalizarse, a su elecci\u00f3n, en cualquiera de los idiomas en los que las Condiciones est\u00e1n disponibles en esta p\u00e1gina web.<\/span><\/p><p><span style=\"font-weight: 400;\">Condiciones generales de entre Sound Earth Legacy y el usuario:<\/span><\/p><ol><li style=\"font-weight: 400;\" aria-level=\"1\"><span style=\"font-weight: 400;\">El usuario se compromete a utilizar los contenidos en nuestro Sitio Web de conformidad con la Ley y los t\u00e9rminos y condiciones generales y particulares de los servicios que ofrece Sound Earth Legacy en cada momento, debiendo abstenerse de emplearlos para:<\/span><ol><li style=\"font-weight: 400;\" aria-level=\"2\"><span style=\"font-weight: 400;\">Realizar actividades il\u00edcitas, contrarias a la buena fe, a las costumbres, a la moral o al orden p\u00fablico.<\/span><\/li><li style=\"font-weight: 400;\" aria-level=\"2\"><span style=\"font-weight: 400;\">Realizar actividades que constituyan una infracci\u00f3n de la regulaci\u00f3n sobre propiedad intelectual e industrial o cualquier otra norma del ordenamiento jur\u00eddico aplicable.<\/span><\/li><li style=\"font-weight: 400;\" aria-level=\"2\"><span style=\"font-weight: 400;\">Reproducir, duplicar, vender o explotar para fines comerciales cualquier contenido del Sitio Web.<\/span><\/li><li style=\"font-weight: 400;\" aria-level=\"2\"><span style=\"font-weight: 400;\">Difundir contenidos de car\u00e1cter racista, xen\u00f3fobo, pornogr\u00e1fico, de apolog\u00eda del terrorismo y\/o que atenten contra los derechos humanos.<\/span><\/li><\/ol><\/li><li style=\"font-weight: 400;\" aria-level=\"1\"><span style=\"font-weight: 400;\">Se indica que el Responsable del fichero es la Sound Earth Legacy, con C.I.F. G02755544, domiciliada en Barcelona, Espa\u00f1a (08017) y con correo electr\u00f3nico info@soundearthlegacy.org a efectos del ejercicio de los derechos de acceso, rectificaci\u00f3n, cancelaci\u00f3n y oposici\u00f3n previstos en la Ley.<\/span><\/li><li style=\"font-weight: 400;\" aria-level=\"1\"><span style=\"font-weight: 400;\">Nuestras recomendaciones y\/o juicios de valor acerca de los servicios y\/o contenidos, as\u00ed como el anuncio de promociones, deben ser consideradas por el usuario como previsiones de buena fe, sin que quepa tenerlas como afirmaciones de hecho, ni como parte de ning\u00fan contrato con el usuario.<\/span><\/li><li style=\"font-weight: 400;\" aria-level=\"1\"><span style=\"font-weight: 400;\">El usuario, a trav\u00e9s del checkbox del formulario \u201cHe le\u00eddo y acepto los t\u00e9rminos y condiciones\u201d da su consentimiento expreso para recibir comunicaciones electr\u00f3nicas con publicidad y novedades comerciales de Sound Earth Legacy.<\/span><\/li><li style=\"font-weight: 400;\" aria-level=\"1\"><span style=\"font-weight: 400;\">Los links o enlaces con otras p\u00e1ginas web que aparezcan en las p\u00e1ginas de Sound Earth Legacy se ofrecen a efectos meramente informativos al usuario, por lo que Sound Earth Legacy no se responsabiliza sobre los productos, servicios o contenidos que se oferten o suministren en las p\u00e1ginas de destino ubicados en otro dominio.<\/span><\/li><li style=\"font-weight: 400;\" aria-level=\"1\"><span style=\"font-weight: 400;\">Todos los contenidos, marcas, logos, dibujos etc. que figuran en las webs de Sound Earth Legacy, se hallan protegidos por los derechos de propiedad intelectual e industrial que son expresamente reservados por Sound Earth Legacy o, en su caso, por las personas o empresas que figuran como autores o titulares de los derechos. La violaci\u00f3n de los anteriores derechos ser\u00e1 perseguida de conformidad con la legislaci\u00f3n vigente. Por lo tanto, queda prohibida la reproducci\u00f3n, explotaci\u00f3n, alteraci\u00f3n, distribuci\u00f3n o comunicaci\u00f3n p\u00fablica por cualquier t\u00edtulo o medio de la totalidad de los contenidos de la web de Sound Earth Legacy para usos diferentes de la leg\u00edtima informaci\u00f3n de los servicios ofertados. En todo caso ser\u00e1 necesario el consentimiento previo por escrito de Sound Earth Legacy.<\/span><\/li><li style=\"font-weight: 400;\" aria-level=\"1\"><span style=\"font-weight: 400;\">El usuario acepta que la legislaci\u00f3n aplicable al funcionamiento de este servicio es la espa\u00f1ola. Ser\u00e1n competentes para conocer de las divergencias que se deriven de la interpretaci\u00f3n o aplicaci\u00f3n de este clausulado los Jueces y Tribunales del domicilio de Sound Earth Legacy, con renuncia expresa al fuero propio del usuario.<\/span><\/li><li style=\"font-weight: 400;\" aria-level=\"1\"><span style=\"font-weight: 400;\">El env\u00edo y la remisi\u00f3n de datos que se realice por el usuario a trav\u00e9s de la web de Sound Earth Legacy o la informaci\u00f3n que \u00e9sta remita, se encuentra protegida por las m\u00e1s modernas t\u00e9cnicas de seguridad electr\u00f3nica en la red. Asimismo, los datos suministrados y almacenados en nuestras bases de datos se encuentran igualmente protegidos por sistemas de seguridad que impiden el acceso de terceros no autorizados a los mismos. Sound Earth Legacy realiza sus mejores esfuerzos para disponer de los sistemas m\u00e1s actualizados para la eficacia de estos sistemas de seguridad.<\/span><\/li><li style=\"font-weight: 400;\" aria-level=\"1\"><span style=\"font-weight: 400;\">Los links o enlaces con otras p\u00e1ginas web que aparezcan en las p\u00e1ginas de Sound Earth Legacy se ofrecen a efectos meramente informativos al usuario, por lo que Sound Earth Legacy no se responsabiliza sobre los productos, servicios o contenidos que se oferten o suministren en las p\u00e1ginas de destino ubicados en otro dominio.<\/span><\/li><\/ol><h3><br \/><br \/><\/h3>\t\t\t\t\t\t<\/div>\n\t\t\t\t<\/div>\n\t\t\t\t\t<\/div>\n\t\t<\/div>\n\t\t\t\t\t<\/div>\n\t\t<\/section>\n\t\t\t\t<\/div>\n\t\t","protected":false},"excerpt":{"rendered":"<p>T\u00e9rminos y condiciones de uso Introducci\u00f3n El presente documento, as\u00ed como los mencionados en \u00e9l, establece las condiciones por las que se rige el uso de la siguiente p\u00e1gina web (en adelante, las \u00abCondiciones\u00bb): https:\/\/www.soundearthlegacy.org Le rogamos que lean atentamente las presentes Condiciones, nuestra Pol\u00edtica de Cookies y nuestra Pol\u00edtica de Privacidad (conjuntamente, las \u201cPol\u00edticas [&hellip;]<\/p>\n","protected":false},"author":9,"featured_media":0,"parent":0,"menu_order":0,"comment_status":"closed","ping_status":"closed","template":"","meta":{"inline_featured_image":false,"footnotes":""},"class_list":["post-3260","page","type-page","status-publish","hentry"],"yoast_head":"<!-- This site is optimized with the Yoast SEO plugin v24.1 - https:\/\/yoast.com\/wordpress\/plugins\/seo\/ -->\n<title>T\u00e9rminos y condiciones de uso - Sound Earth Legacy<\/title>\n<meta name=\"robots\" content=\"noindex, nofollow\" \/>\n<meta property=\"og:locale\" content=\"es_ES\" \/>\n<meta property=\"og:type\" content=\"article\" \/>\n<meta property=\"og:title\" content=\"T\u00e9rminos y condiciones de uso - Sound Earth Legacy\" \/>\n<meta property=\"og:description\" content=\"T\u00e9rminos y condiciones de uso Introducci\u00f3n El presente documento, as\u00ed como los mencionados en \u00e9l, establece las condiciones por las que se rige el uso de la siguiente p\u00e1gina web (en adelante, las \u00abCondiciones\u00bb): https:\/\/www.soundearthlegacy.org Le rogamos que lean atentamente las presentes Condiciones, nuestra Pol\u00edtica de Cookies y nuestra Pol\u00edtica de Privacidad (conjuntamente, las \u201cPol\u00edticas [&hellip;]\" \/>\n<meta property=\"og:url\" content=\"https:\/\/soundearthlegacy.org\/es\/terminos-y-condiciones-de-uso\/\" \/>\n<meta property=\"og:site_name\" content=\"Sound Earth Legacy\" \/>\n<meta property=\"article:publisher\" content=\"https:\/\/www.facebook.com\/SELSoundEarthLegacy\" \/>\n<meta property=\"article:modified_time\" content=\"2021-05-03T11:45:16+00:00\" \/>\n<meta name=\"twitter:card\" content=\"summary_large_image\" \/>\n<meta name=\"twitter:label1\" content=\"Tiempo de lectura\" \/>\n\t<meta name=\"twitter:data1\" content=\"4 minutos\" \/>\n<script type=\"application\/ld+json\" class=\"yoast-schema-graph\">{\"@context\":\"https:\/\/schema.org\",\"@graph\":[{\"@type\":\"WebPage\",\"@id\":\"https:\/\/soundearthlegacy.org\/es\/terminos-y-condiciones-de-uso\/\",\"url\":\"https:\/\/soundearthlegacy.org\/es\/terminos-y-condiciones-de-uso\/\",\"name\":\"T\u00e9rminos y condiciones de uso - Sound Earth Legacy\",\"isPartOf\":{\"@id\":\"https:\/\/soundearthlegacy.org\/es\/#website\"},\"datePublished\":\"2021-03-29T10:11:03+00:00\",\"dateModified\":\"2021-05-03T11:45:16+00:00\",\"breadcrumb\":{\"@id\":\"https:\/\/soundearthlegacy.org\/es\/terminos-y-condiciones-de-uso\/#breadcrumb\"},\"inLanguage\":\"es\",\"potentialAction\":[{\"@type\":\"ReadAction\",\"target\":[\"https:\/\/soundearthlegacy.org\/es\/terminos-y-condiciones-de-uso\/\"]}]},{\"@type\":\"BreadcrumbList\",\"@id\":\"https:\/\/soundearthlegacy.org\/es\/terminos-y-condiciones-de-uso\/#breadcrumb\",\"itemListElement\":[{\"@type\":\"ListItem\",\"position\":1,\"name\":\"Home\",\"item\":\"https:\/\/soundearthlegacy.org\/es\/\"},{\"@type\":\"ListItem\",\"position\":2,\"name\":\"T\u00e9rminos y condiciones de uso\"}]},{\"@type\":\"WebSite\",\"@id\":\"https:\/\/soundearthlegacy.org\/es\/#website\",\"url\":\"https:\/\/soundearthlegacy.org\/es\/\",\"name\":\"Sound Earth Legacy\",\"description\":\"Non-Profit Organization\",\"publisher\":{\"@id\":\"https:\/\/soundearthlegacy.org\/es\/#organization\"},\"potentialAction\":[{\"@type\":\"SearchAction\",\"target\":{\"@type\":\"EntryPoint\",\"urlTemplate\":\"https:\/\/soundearthlegacy.org\/es\/?s={search_term_string}\"},\"query-input\":{\"@type\":\"PropertyValueSpecification\",\"valueRequired\":true,\"valueName\":\"search_term_string\"}}],\"inLanguage\":\"es\"},{\"@type\":\"Organization\",\"@id\":\"https:\/\/soundearthlegacy.org\/es\/#organization\",\"name\":\"Sound Earth Legacy\",\"url\":\"https:\/\/soundearthlegacy.org\/es\/\",\"logo\":{\"@type\":\"ImageObject\",\"inLanguage\":\"es\",\"@id\":\"https:\/\/soundearthlegacy.org\/es\/#\/schema\/logo\/image\/\",\"url\":\"https:\/\/soundearthlegacy.org\/wp-content\/uploads\/2021\/05\/home-sel-logo-2.jpg\",\"contentUrl\":\"https:\/\/soundearthlegacy.org\/wp-content\/uploads\/2021\/05\/home-sel-logo-2.jpg\",\"width\":1000,\"height\":722,\"caption\":\"Sound Earth Legacy\"},\"image\":{\"@id\":\"https:\/\/soundearthlegacy.org\/es\/#\/schema\/logo\/image\/\"},\"sameAs\":[\"https:\/\/www.facebook.com\/SELSoundEarthLegacy\",\"https:\/\/www.instagram.com\/soundearthlegacy\/\",\"https:\/\/www.linkedin.com\/company\/soundearthlegacy\/\"]}]}<\/script>\n<!-- \/ Yoast SEO plugin. -->","yoast_head_json":{"title":"T\u00e9rminos y condiciones de uso - Sound Earth Legacy","robots":{"index":"noindex","follow":"nofollow"},"og_locale":"es_ES","og_type":"article","og_title":"T\u00e9rminos y condiciones de uso - Sound Earth Legacy","og_description":"T\u00e9rminos y condiciones de uso Introducci\u00f3n El presente documento, as\u00ed como los mencionados en \u00e9l, establece las condiciones por las que se rige el uso de la siguiente p\u00e1gina web (en adelante, las \u00abCondiciones\u00bb): https:\/\/www.soundearthlegacy.org Le rogamos que lean atentamente las presentes Condiciones, nuestra Pol\u00edtica de Cookies y nuestra Pol\u00edtica de Privacidad (conjuntamente, las \u201cPol\u00edticas [&hellip;]","og_url":"https:\/\/soundearthlegacy.org\/es\/terminos-y-condiciones-de-uso\/","og_site_name":"Sound Earth Legacy","article_publisher":"https:\/\/www.facebook.com\/SELSoundEarthLegacy","article_modified_time":"2021-05-03T11:45:16+00:00","twitter_card":"summary_large_image","twitter_misc":{"Tiempo de lectura":"4 minutos"},"schema":{"@context":"https:\/\/schema.org","@graph":[{"@type":"WebPage","@id":"https:\/\/soundearthlegacy.org\/es\/terminos-y-condiciones-de-uso\/","url":"https:\/\/soundearthlegacy.org\/es\/terminos-y-condiciones-de-uso\/","name":"T\u00e9rminos y condiciones de uso - Sound Earth Legacy","isPartOf":{"@id":"https:\/\/soundearthlegacy.org\/es\/#website"},"datePublished":"2021-03-29T10:11:03+00:00","dateModified":"2021-05-03T11:45:16+00:00","breadcrumb":{"@id":"https:\/\/soundearthlegacy.org\/es\/terminos-y-condiciones-de-uso\/#breadcrumb"},"inLanguage":"es","potentialAction":[{"@type":"ReadAction","target":["https:\/\/soundearthlegacy.org\/es\/terminos-y-condiciones-de-uso\/"]}]},{"@type":"BreadcrumbList","@id":"https:\/\/soundearthlegacy.org\/es\/terminos-y-condiciones-de-uso\/#breadcrumb","itemListElement":[{"@type":"ListItem","position":1,"name":"Home","item":"https:\/\/soundearthlegacy.org\/es\/"},{"@type":"ListItem","position":2,"name":"T\u00e9rminos y condiciones de uso"}]},{"@type":"WebSite","@id":"https:\/\/soundearthlegacy.org\/es\/#website","url":"https:\/\/soundearthlegacy.org\/es\/","name":"Sound Earth Legacy","description":"Non-Profit Organization","publisher":{"@id":"https:\/\/soundearthlegacy.org\/es\/#organization"},"potentialAction":[{"@type":"SearchAction","target":{"@type":"EntryPoint","urlTemplate":"https:\/\/soundearthlegacy.org\/es\/?s={search_term_string}"},"query-input":{"@type":"PropertyValueSpecification","valueRequired":true,"valueName":"search_term_string"}}],"inLanguage":"es"},{"@type":"Organization","@id":"https:\/\/soundearthlegacy.org\/es\/#organization","name":"Sound Earth Legacy","url":"https:\/\/soundearthlegacy.org\/es\/","logo":{"@type":"ImageObject","inLanguage":"es","@id":"https:\/\/soundearthlegacy.org\/es\/#\/schema\/logo\/image\/","url":"https:\/\/soundearthlegacy.org\/wp-content\/uploads\/2021\/05\/home-sel-logo-2.jpg","contentUrl":"https:\/\/soundearthlegacy.org\/wp-content\/uploads\/2021\/05\/home-sel-logo-2.jpg","width":1000,"height":722,"caption":"Sound Earth Legacy"},"image":{"@id":"https:\/\/soundearthlegacy.org\/es\/#\/schema\/logo\/image\/"},"sameAs":["https:\/\/www.facebook.com\/SELSoundEarthLegacy","https:\/\/www.instagram.com\/soundearthlegacy\/","https:\/\/www.linkedin.com\/company\/soundearthlegacy\/"]}]}},"_links":{"self":[{"href":"https:\/\/soundearthlegacy.org\/es\/wp-json\/wp\/v2\/pages\/3260","targetHints":{"allow":["GET"]}}],"collection":[{"href":"https:\/\/soundearthlegacy.org\/es\/wp-json\/wp\/v2\/pages"}],"about":[{"href":"https:\/\/soundearthlegacy.org\/es\/wp-json\/wp\/v2\/types\/page"}],"author":[{"embeddable":true,"href":"https:\/\/soundearthlegacy.org\/es\/wp-json\/wp\/v2\/users\/9"}],"replies":[{"embeddable":true,"href":"https:\/\/soundearthlegacy.org\/es\/wp-json\/wp\/v2\/comments?post=3260"}],"version-history":[{"count":6,"href":"https:\/\/soundearthlegacy.org\/es\/wp-json\/wp\/v2\/pages\/3260\/revisions"}],"predecessor-version":[{"id":4716,"href":"https:\/\/soundearthlegacy.org\/es\/wp-json\/wp\/v2\/pages\/3260\/revisions\/4716"}],"wp:attachment":[{"href":"https:\/\/soundearthlegacy.org\/es\/wp-json\/wp\/v2\/media?parent=3260"}],"curies":[{"name":"wp","href":"https:\/\/api.w.org\/{rel}","templated":true}]}}